{"id":1644,"date":"2016-10-01T18:43:41","date_gmt":"2016-10-01T16:43:41","guid":{"rendered":"http:\/\/franco-tcheque-nantes.org\/?page_id=1644"},"modified":"2026-03-31T18:41:13","modified_gmt":"2026-03-31T16:41:13","slug":"ecole-tcheque","status":"publish","type":"page","link":"https:\/\/franco-tcheque-nantes.org\/?page_id=1644&lang=cs","title":{"rendered":"\u00c9cole tch\u00e8que"},"content":{"rendered":"<p>L&rsquo;\u00e9cole tch\u00e8que de Nantes a ouvert ses portes a la rentr\u00e9e, en septembre 2016. Cet enseignement du tch\u00e8que est destin\u00e9 aux jeunes enfants issus principalement des couples mixtes franco-tch\u00e8ques. Nous sommes convaincus des bienfaits d\u2019une double culture\u00a0: elle favorise l\u2019ouverture d\u2019esprit, permet de mieux appr\u00e9hender la complexit\u00e9 du monde actuel et encourage le vivre ensemble. C\u2019est pourquoi nous tenons \u00e0 ce que ces enfants vivant en France puissent s\u2019approprier \u00e9galement la culture et la langue tch\u00e8ques.<\/p>\n<p>Pour tous ceux qui souhaitent inscrire leurs enfants, merci de nous contacter par le mail: <a href=\"mailto:assofrancotchequenantes@gmail.com\">assofrancotchequenantes@gmail.com<\/a><\/p>\n<p>&nbsp;<\/p>\n<p><span style=\"font-size: large;\"><b>2025\/2026<\/b><\/span><\/p>\n<p>Nous sommes heureux d&rsquo;annoncer la r\u00e9ouverture de l&rsquo;\u00e9cole tch\u00e8que Kl\u00ed\u010dek pour l&rsquo;ann\u00e9e scolaire 2025\/2026. A partir de septembre, nous accueillerons les \u00e9l\u00e8ves dans trois classes diff\u00e9rentes :<br \/>\n**Groupe 1** : Enfants de 1 \u00e0 2 ans<br \/>\n**Groupe 2** : Enfants de 3 \u00e0 5 ans<br \/>\n**Groupe 3** : Enfants de 6 \u00e0 7 ans<\/p>\n<p>L&rsquo;\u00e9cole tch\u00e8que Kl\u00ed\u010dek s&rsquo;adresse aux enfants qui ont d\u00e9j\u00e0 rencontr\u00e9 la langue tch\u00e8que. Si vous souhaitez inscrire vos enfants dans notre \u00e9cole, n&rsquo;h\u00e9sitez pas \u00e0 nous contacter pour plus d&rsquo;informations.<\/p>\n<p>Lieu : La maison de quartier Botti\u00e8re, Petit Pavillon<\/p>\n<p>Horaires: 10h &#8211; 12h30<\/p>\n<p>&nbsp;<\/p>\n","protected":false},"excerpt":{"rendered":"<p>L&rsquo;\u00e9cole tch\u00e8que de Nantes a ouvert ses portes a la rentr\u00e9e, en septembre 2016. Cet enseignement du tch\u00e8que est destin\u00e9 aux jeunes enfants issus principalement des couples mixtes franco-tch\u00e8ques. Nous sommes convaincus des bienfaits d\u2019une double culture\u00a0: elle favorise l\u2019ouverture d\u2019esprit, permet de mieux appr\u00e9hender la complexit\u00e9 du monde actuel et encourage le vivre ensemble. &hellip;<\/p>\n","protected":false},"author":1,"featured_media":0,"parent":0,"menu_order":0,"comment_status":"closed","ping_status":"closed","template":"","meta":{"footnotes":""},"class_list":["post-1644","page","type-page","status-publish","hentry"],"_links":{"self":[{"href":"https:\/\/franco-tcheque-nantes.org\/index.php?rest_route=\/wp\/v2\/pages\/1644","targetHints":{"allow":["GET"]}}],"collection":[{"href":"https:\/\/franco-tcheque-nantes.org\/index.php?rest_route=\/wp\/v2\/pages"}],"about":[{"href":"https:\/\/franco-tcheque-nantes.org\/index.php?rest_route=\/wp\/v2\/types\/page"}],"author":[{"embeddable":true,"href":"https:\/\/franco-tcheque-nantes.org\/index.php?rest_route=\/wp\/v2\/users\/1"}],"replies":[{"embeddable":true,"href":"https:\/\/franco-tcheque-nantes.org\/index.php?rest_route=%2Fwp%2Fv2%2Fcomments&post=1644"}],"version-history":[{"count":14,"href":"https:\/\/franco-tcheque-nantes.org\/index.php?rest_route=\/wp\/v2\/pages\/1644\/revisions"}],"predecessor-version":[{"id":10601,"href":"https:\/\/franco-tcheque-nantes.org\/index.php?rest_route=\/wp\/v2\/pages\/1644\/revisions\/10601"}],"wp:attachment":[{"href":"https:\/\/franco-tcheque-nantes.org\/index.php?rest_route=%2Fwp%2Fv2%2Fmedia&parent=1644"}],"curies":[{"name":"wp","href":"https:\/\/api.w.org\/{rel}","templated":true}]}}