{"id":1646,"date":"2016-10-01T18:45:05","date_gmt":"2016-10-01T16:45:05","guid":{"rendered":"http:\/\/franco-tcheque-nantes.org\/?page_id=1646"},"modified":"2024-11-05T17:26:37","modified_gmt":"2024-11-05T15:26:37","slug":"ceska-skola","status":"publish","type":"page","link":"https:\/\/franco-tcheque-nantes.org\/?page_id=1646&lang=fr","title":{"rendered":"\u010cesk\u00e1 \u0161kola"},"content":{"rendered":"<p>\u010cesk\u00e1 \u0161kola v Nantes zah\u00e1jila svou aktivitu 17. z\u00e1\u0159\u00ed 2016. Vznikla jako reakce na \u017e\u00e1dosti mnoh\u00fdch \u010desko-francouzsk\u00fdch rodin z Pays de la Loire. Na\u0161\u00edm c\u00edlem je z\u00e1bavnou formou osvojen\u00ed si a rozvinut\u00ed znalost\u00ed \u010desk\u00e9ho jazyka a re\u00e1li\u00ed a \u010desk\u00e9 kultury u d\u011bt\u00ed z \u010desko-francouzsk\u00fdch rodin za \u00fa\u010delem ukotven\u00ed jejich \u010desk\u00e9 identity a pozn\u00e1n\u00ed \u010desk\u00fdch ko\u0159en\u016f. Jsme rovn\u011b\u017e hluboce p\u0159esv\u011bd\u010deni o pozitivn\u00edch p\u0159\u00ednosech dvojjazy\u010dnosti a dvoj\u00ed kultury : podporuje otev\u0159enost,\u00a0 svobodomyslnost, jednotnost,\u00a0 toleranci a zvy\u0161uje schopnost l\u00e9pe pochopit slo\u017eitost dne\u0161n\u00edho sv\u011bta. <span lang=\"cs\">To je d\u016fvod, pro\u010d chceme, aby\u00a0 tyto d\u011bti ve Francii poznaly \u010deskou kulturu a \u010desk\u00fd jazyk.<\/span><\/p>\n<p>\u0160kola prob\u00edh\u00e1 v nize uvedenych dnech. V\u00fduka bude dopln\u011bna jednor\u00e1zov\u00fdmi kulturn\u00edmi akcemi pro d\u011bti za \u00fa\u010delem p\u0159ibl\u00ed\u017een\u00ed \u010desk\u00fdch tradic (Velikonoce, Mikul\u00e1\u0161, V\u00e1noce, prom\u00edt\u00e1n\u00edm \u010desk\u00fdch poh\u00e1dek, v\u00fdtvarn\u00fdmi ateli\u00e9ry).<\/p>\n<p>Pro zaps\u00e1n\u00ed Va\u0161ich d\u011bt\u00ed na \u0161koln\u00ed rok nas prosim kontaktujte mailem na: <a href=\"mailto:assofrancotchequenantes@gmail.com\">assofrancotchequenantes@gmail.com<\/a><\/p>\n<p>&nbsp;<\/p>\n<p><span style=\"font-size: large;\"><b>2024\/2025<\/b><\/span><\/p>\n<blockquote>\n<div dir=\"ltr\">\n<div dir=\"ltr\">\n<div dir=\"ltr\">\n<div>\n<div>S radost\u00ed oznamujeme znovuotev\u0159en\u00ed \u010desk\u00e9 \u0161koly Kl\u00ed\u010dek pro \u0161koln\u00ed rok 2024\/2025. Od z\u00e1\u0159\u00ed p\u0159iv\u00edt\u00e1me studenty ve t\u0159ech odli\u0161n\u00fdch t\u0159\u00edd\u00e1ch:<\/div>\n<div>**Skupina 1**: D\u011bti od 1 do 2 let<br \/>\n**Skupina 2**: D\u011bti od 3 do 5 let<br \/>\n**Skupina 3**: D\u011bti od 6 do 7 let<\/div>\n<div><\/div>\n<div>\u010cesk\u00e1 \u0161kola Kl\u00ed\u010dek je zam\u011b\u0159ena na d\u011bti, kter\u00e9 se ji\u017e setkaly s \u010desk\u00fdm jazykem.Pokud byste cht\u011bli p\u0159ihl\u00e1sit sv\u00e9 d\u011bti do na\u0161\u00ed \u0161koly, nev\u00e1hejte n\u00e1s kontaktovat pro dal\u0161\u00ed informace.<\/div>\n<\/div>\n<\/div>\n<\/div>\n<\/div>\n<\/blockquote>\n<p>Misto: La maison de quartier Botti\u00e8re, Petit Pavillon<\/p>\n<p>Cas: 10h &#8211; 12h30<\/p>\n<p><a href=\"http:\/\/franco-tcheque-nantes.org\/wp-content\/uploads\/2024\/10\/AFTN-klicek-2024-2025.png\"><img loading=\"lazy\" decoding=\"async\" class=\"alignnone size-medium wp-image-10526\" src=\"http:\/\/franco-tcheque-nantes.org\/wp-content\/uploads\/2024\/10\/AFTN-klicek-2024-2025-300x230.png\" alt=\"\" width=\"300\" height=\"230\" srcset=\"https:\/\/franco-tcheque-nantes.org\/wp-content\/uploads\/2024\/10\/AFTN-klicek-2024-2025-300x230.png 300w, https:\/\/franco-tcheque-nantes.org\/wp-content\/uploads\/2024\/10\/AFTN-klicek-2024-2025.png 758w\" sizes=\"auto, (max-width: 300px) 100vw, 300px\" \/><\/a><\/p>\n","protected":false},"excerpt":{"rendered":"<p>\u010cesk\u00e1 \u0161kola v Nantes zah\u00e1jila svou aktivitu 17. z\u00e1\u0159\u00ed 2016. Vznikla jako reakce na \u017e\u00e1dosti mnoh\u00fdch \u010desko-francouzsk\u00fdch rodin z Pays de la Loire. Na\u0161\u00edm c\u00edlem je z\u00e1bavnou formou osvojen\u00ed si a rozvinut\u00ed znalost\u00ed \u010desk\u00e9ho jazyka a re\u00e1li\u00ed a \u010desk\u00e9 kultury u d\u011bt\u00ed z \u010desko-francouzsk\u00fdch rodin za \u00fa\u010delem ukotven\u00ed jejich \u010desk\u00e9 identity a pozn\u00e1n\u00ed \u010desk\u00fdch ko\u0159en\u016f. &hellip;<\/p>\n","protected":false},"author":1,"featured_media":0,"parent":0,"menu_order":0,"comment_status":"closed","ping_status":"closed","template":"","meta":{"footnotes":""},"class_list":["post-1646","page","type-page","status-publish","hentry"],"_links":{"self":[{"href":"https:\/\/franco-tcheque-nantes.org\/index.php?rest_route=\/wp\/v2\/pages\/1646","targetHints":{"allow":["GET"]}}],"collection":[{"href":"https:\/\/franco-tcheque-nantes.org\/index.php?rest_route=\/wp\/v2\/pages"}],"about":[{"href":"https:\/\/franco-tcheque-nantes.org\/index.php?rest_route=\/wp\/v2\/types\/page"}],"author":[{"embeddable":true,"href":"https:\/\/franco-tcheque-nantes.org\/index.php?rest_route=\/wp\/v2\/users\/1"}],"replies":[{"embeddable":true,"href":"https:\/\/franco-tcheque-nantes.org\/index.php?rest_route=%2Fwp%2Fv2%2Fcomments&post=1646"}],"version-history":[{"count":16,"href":"https:\/\/franco-tcheque-nantes.org\/index.php?rest_route=\/wp\/v2\/pages\/1646\/revisions"}],"predecessor-version":[{"id":10538,"href":"https:\/\/franco-tcheque-nantes.org\/index.php?rest_route=\/wp\/v2\/pages\/1646\/revisions\/10538"}],"wp:attachment":[{"href":"https:\/\/franco-tcheque-nantes.org\/index.php?rest_route=%2Fwp%2Fv2%2Fmedia&parent=1646"}],"curies":[{"name":"wp","href":"https:\/\/api.w.org\/{rel}","templated":true}]}}