{"id":1700,"date":"2016-10-04T04:43:26","date_gmt":"2016-10-04T02:43:26","guid":{"rendered":"http:\/\/franco-tcheque-nantes.org\/?page_id=1700"},"modified":"2022-09-24T11:46:22","modified_gmt":"2022-09-24T09:46:22","slug":"cours-de-tcheque-pour-adultes","status":"publish","type":"page","link":"https:\/\/franco-tcheque-nantes.org\/?page_id=1700&lang=cs","title":{"rendered":"Cours de tch\u00e8que pour adultes"},"content":{"rendered":"<p>Depuis 2014 nous organisons des cours de tch\u00e8que pour adultes. Ils sont destin\u00e9s \u00e0 tout public; aux membres de familles franco-tch\u00e8ques, aux \u00e9tudiants qui pr\u00e9parent un stage en R\u00e9publique tch\u00e8que, aux professionnels, aux tou-te-s ceux qui sont int\u00e9ress\u00e9s par la culture tch\u00e8que&#8230;<\/p>\n<p>Nous proposons \u00e9galement des cours particuliers ainsi que les traductions de vos documents. N&rsquo;h\u00e9sitez pas \u00e0 nous contacter pour plus de d\u00e9tails !<\/p>\n<p>Par ailleurs, le manuel utilis\u00e9 par les enseignants lors des cours s\u2019appelle <a href=\"http:\/\/www.czechstepbystep.cz\/en\/index.html\" target=\"_blank\" rel=\"noopener\">\u00ab Step by step \u00bb<\/a>. Son acquisition par les \u00e9l\u00e8ves n\u2019est pas obligatoire. Ceux qui souhaiteraient l\u2019acheter peuvent contacter les enseignants qui ont la possibilit\u00e9 de le commander pour leurs \u00e9l\u00e8ves \u00e0 un prix r\u00e9duit (32 Eur).<\/p>\n<p>Les horaires, les groupes, le lieu, les prix seront sp\u00e9cifi\u00e9s \u00e0 la premi\u00e8re rencontre de l&rsquo;ann\u00e9e. Merci de regarder nos articles r\u00e9cents pour plus d&rsquo;informations.<\/p>\n<p>Pour pouvoir suivre les cours de tch\u00e8que il est n\u00e9cessaire devenir membre de l&rsquo;association. Vous pouvez consulter la page <a href=\"http:\/\/franco-tcheque-nantes.org\/?page_id=404&amp;lang=fr\" target=\"_blank\" rel=\"noopener\">devenir membre<\/a> pour plus de d\u00e9tails.<\/p>\n<p>Vous pouvez vous inscrire d\u00e8s maintenant en envoyant un mail \u00e0 <a href=\"http:\/\/coursdetcheque.aftn@gmail.com\" target=\"_blank\" rel=\"noopener\">coursdetcheque.aftn@gmail.com. <\/a><\/p>\n<p>&nbsp;<\/p>\n","protected":false},"excerpt":{"rendered":"<p>Depuis 2014 nous organisons des cours de tch\u00e8que pour adultes. Ils sont destin\u00e9s \u00e0 tout public; aux membres de familles franco-tch\u00e8ques, aux \u00e9tudiants qui pr\u00e9parent un stage en R\u00e9publique tch\u00e8que, aux professionnels, aux tou-te-s ceux qui sont int\u00e9ress\u00e9s par la culture tch\u00e8que&#8230; Nous proposons \u00e9galement des cours particuliers ainsi que les traductions de vos documents. &hellip;<\/p>\n","protected":false},"author":3,"featured_media":0,"parent":0,"menu_order":0,"comment_status":"closed","ping_status":"closed","template":"","meta":{"footnotes":""},"class_list":["post-1700","page","type-page","status-publish","hentry"],"_links":{"self":[{"href":"https:\/\/franco-tcheque-nantes.org\/index.php?rest_route=\/wp\/v2\/pages\/1700","targetHints":{"allow":["GET"]}}],"collection":[{"href":"https:\/\/franco-tcheque-nantes.org\/index.php?rest_route=\/wp\/v2\/pages"}],"about":[{"href":"https:\/\/franco-tcheque-nantes.org\/index.php?rest_route=\/wp\/v2\/types\/page"}],"author":[{"embeddable":true,"href":"https:\/\/franco-tcheque-nantes.org\/index.php?rest_route=\/wp\/v2\/users\/3"}],"replies":[{"embeddable":true,"href":"https:\/\/franco-tcheque-nantes.org\/index.php?rest_route=%2Fwp%2Fv2%2Fcomments&post=1700"}],"version-history":[{"count":3,"href":"https:\/\/franco-tcheque-nantes.org\/index.php?rest_route=\/wp\/v2\/pages\/1700\/revisions"}],"predecessor-version":[{"id":10346,"href":"https:\/\/franco-tcheque-nantes.org\/index.php?rest_route=\/wp\/v2\/pages\/1700\/revisions\/10346"}],"wp:attachment":[{"href":"https:\/\/franco-tcheque-nantes.org\/index.php?rest_route=%2Fwp%2Fv2%2Fmedia&parent=1700"}],"curies":[{"name":"wp","href":"https:\/\/api.w.org\/{rel}","templated":true}]}}