{"id":1772,"date":"2016-12-01T22:06:45","date_gmt":"2016-12-01T20:06:45","guid":{"rendered":"http:\/\/franco-tcheque-nantes.org\/?page_id=1772"},"modified":"2022-09-24T11:48:07","modified_gmt":"2022-09-24T09:48:07","slug":"kurzy-cestiny-pro-dospele","status":"publish","type":"page","link":"https:\/\/franco-tcheque-nantes.org\/?page_id=1772&lang=fr","title":{"rendered":"Kurzy \u010de\u0161tiny pro dosp\u011bl\u00e9"},"content":{"rendered":"<p>Od roku 2014 po\u0159\u00e1d\u00e1me kurzy \u010desk\u00e9ho jazyka pro dosp\u011bl\u00e9? Jsou ur\u010den\u00e9 v\u0161em, \u010dlen\u016fm \u010desko-frqncouzsk\u00fdch rodin\u00e1m, \u00a0sudent\u016fm i pracuj\u00edc\u00edm p\u0159iravuj\u00edc\u00edm se na cestu do \u010cesk\u00e9 republiky, a hlavn\u011b v\u0161em, kte\u0159\u00ed podlehli kouzlu \u010desk\u00e9ho jazyka a kr\u00e1s\u00e1m \u010desk\u00e9 kultury.<\/p>\n<p>Nab\u00edz\u00edme rovn\u011b\u017e individu\u00e1ln\u00ed kurzy \u010de\u0161tiny a p\u0159ekladatelsk\u00e9 slu\u017eby. V p\u0159\u00edpad\u011b z\u00e1jmu n\u00e1s nev\u00e1hejte kontaktovat s Va\u0161\u00ed nab\u00eddkou.<\/p>\n<p>V\u00fdukov\u00e9 materi\u00e1ly pou\u017e\u00edvan\u00e9 k v\u00fduce se jmenuj\u00ed \u00ab\u00a0Step by Step\u00a0\u00bb. Nen\u00ed nutn\u00e9 si je po\u0159izovat, ale ti, kte\u0159\u00ed si je p\u0159ej\u00ed, si je mohou po\u0159\u00eddit p\u0159es n\u00e1s za zv\u00fdhodn\u011bnou cenu 32 Euro.<\/p>\n<p>Cas a misto kurzu, i jejich ceny, se upresni behem prvniho setkani na zacatku kazdeho skolniho roku. Zavisi od poctu zajemcu a jejich urovne. Sledujte prosim nase posledni aktuality na uvodni strance.<\/p>\n<p>&nbsp;<\/p>\n<p>Pro nav\u0161t\u011bvov\u00e1n\u00ed kurz\u016f je pot\u0159eba st\u00e1t se \u010dlenem asociace. Podm\u00ednky \u010dlenstv\u00ed si m\u016f\u017eete p\u0159e\u010d\u00edst <a href=\"http:\/\/franco-tcheque-nantes.org\/?page_id=406&amp;lang=cs\" target=\"_blank\" rel=\"noopener\">zde.<\/a><\/p>\n<p>Na kurzy \u010de\u0161tiny se m\u016f\u017eete zapsat ihned na adrese\u00a0 <a href=\"mailto:coursdetcheque.aftn@gmail.com\">coursdetcheque.aftn@gmail.com<\/a><\/p>\n","protected":false},"excerpt":{"rendered":"<p>Od roku 2014 po\u0159\u00e1d\u00e1me kurzy \u010desk\u00e9ho jazyka pro dosp\u011bl\u00e9? Jsou ur\u010den\u00e9 v\u0161em, \u010dlen\u016fm \u010desko-frqncouzsk\u00fdch rodin\u00e1m, \u00a0sudent\u016fm i pracuj\u00edc\u00edm p\u0159iravuj\u00edc\u00edm se na cestu do \u010cesk\u00e9 republiky, a hlavn\u011b v\u0161em, kte\u0159\u00ed podlehli kouzlu \u010desk\u00e9ho jazyka a kr\u00e1s\u00e1m \u010desk\u00e9 kultury. Nab\u00edz\u00edme rovn\u011b\u017e individu\u00e1ln\u00ed kurzy \u010de\u0161tiny a p\u0159ekladatelsk\u00e9 slu\u017eby. V p\u0159\u00edpad\u011b z\u00e1jmu n\u00e1s nev\u00e1hejte kontaktovat s Va\u0161\u00ed nab\u00eddkou. V\u00fdukov\u00e9 &hellip;<\/p>\n","protected":false},"author":3,"featured_media":0,"parent":0,"menu_order":0,"comment_status":"closed","ping_status":"closed","template":"","meta":{"footnotes":""},"class_list":["post-1772","page","type-page","status-publish","hentry"],"_links":{"self":[{"href":"https:\/\/franco-tcheque-nantes.org\/index.php?rest_route=\/wp\/v2\/pages\/1772","targetHints":{"allow":["GET"]}}],"collection":[{"href":"https:\/\/franco-tcheque-nantes.org\/index.php?rest_route=\/wp\/v2\/pages"}],"about":[{"href":"https:\/\/franco-tcheque-nantes.org\/index.php?rest_route=\/wp\/v2\/types\/page"}],"author":[{"embeddable":true,"href":"https:\/\/franco-tcheque-nantes.org\/index.php?rest_route=\/wp\/v2\/users\/3"}],"replies":[{"embeddable":true,"href":"https:\/\/franco-tcheque-nantes.org\/index.php?rest_route=%2Fwp%2Fv2%2Fcomments&post=1772"}],"version-history":[{"count":4,"href":"https:\/\/franco-tcheque-nantes.org\/index.php?rest_route=\/wp\/v2\/pages\/1772\/revisions"}],"predecessor-version":[{"id":10349,"href":"https:\/\/franco-tcheque-nantes.org\/index.php?rest_route=\/wp\/v2\/pages\/1772\/revisions\/10349"}],"wp:attachment":[{"href":"https:\/\/franco-tcheque-nantes.org\/index.php?rest_route=%2Fwp%2Fv2%2Fmedia&parent=1772"}],"curies":[{"name":"wp","href":"https:\/\/api.w.org\/{rel}","templated":true}]}}