{"id":387,"date":"2016-01-10T11:28:13","date_gmt":"2016-01-10T09:28:13","guid":{"rendered":"http:\/\/franco-tcheque-nantes.org\/?page_id=387"},"modified":"2023-09-27T11:59:42","modified_gmt":"2023-09-27T09:59:42","slug":"ceska-knihovna-v-nantes-2","status":"publish","type":"page","link":"https:\/\/franco-tcheque-nantes.org\/?page_id=387&lang=fr","title":{"rendered":"\u010cesk\u00e1 knihovna v Nantes"},"content":{"rendered":"<h2 style=\"text-align: center;\"><span style=\"color: #113d7a;\">\u010cesk\u00e1 knihovna v Nantes<\/span><\/h2>\n<p>AFTN m\u00e1 ve sv\u00e9 knihovn\u011b literaturu pro dosp\u011bl\u00e9 i d\u011bti; knihy, \u010dasopisy, CD a DVD a nab\u00edz\u00ed jejich bezplatn\u00e9 zap\u016fj\u010den\u00ed \u010dlen\u016fm spolku. Knihovna ji\u017e nen\u00ed voln\u011b p\u0159\u00edstupn\u00e1 na ve\u0159ejn\u00e9m m\u00edst\u011b, ale m\u016f\u017eete n\u00e1s kontaktovat e-mailem a domluvit si v\u00fdp\u016fj\u010dku:\u00a0<a href=\"mailto:biblio.tcheque.nantes@gmail.com\">biblio.tcheque.nantes@gmail.com<\/a><\/p>\n<p>&nbsp;<\/p>\n<p>V\u00fdb\u011br d\u011btsk\u00fdch knih je k dispozici b\u011bhem vyu\u010dov\u00e1n\u00ed v \u010desk\u00e9 \u0161kole a je pravideln\u011b aktualizov\u00e1n.<\/p>\n<p>Druh\u00fd v\u00fdb\u011br (rom\u00e1ny, detektivky atd.) koluje mezi \u010dleny a je k dispozici p\u0159i aktivit\u00e1ch po\u0159\u00e1dan\u00fdch spolkem.<\/p>\n<p>&nbsp;<\/p>\n<p>P\u0159ed jak\u00fdmkoli kontaktem v\u00e1m doporu\u010dujeme nahl\u00e9dnout do\u00a0 <a style=\"font-size: 1.5rem;\" href=\"http:\/\/franco-tcheque-nantes.org\/wp-content\/uploads\/2023\/09\/Databaze-knihovny-AFT-v5-2020-2.xlsx\" rel=\"attachment wp-att-528\">katalog knih<\/a><\/p>\n<p>&nbsp;<\/p>\n<hr \/>\n<h3 style=\"text-align: center;\"><span style=\"color: #113d7a;\"><strong>Pod\u011bkov\u00e1n\u00ed<\/strong><\/span><\/h3>\n<p>\u010cesk\u00e1 knihovna v Nantes vznikla za laskav\u00e9ho p\u0159isp\u011bn\u00ed mnoh\u00fdch soukrom\u00fdch d\u00e1rc\u016f, knihoven i kni\u017en\u00edch vydavatelstv\u00ed. AFTN touto cestou srde\u010dn\u011b d\u011bkuje v\u0161em d\u00e1rc\u016fm jejich\u017e seznam zve\u0159ej\u0148ujeme v sekci <a href=\"http:\/\/franco-tcheque-nantes.org\/?page_id=414\" target=\"_blank\" rel=\"noopener\">Sponzo\u0159i a pod\u011bkov\u00e1n\u00ed<\/a>.<\/p>\n<p>Pro sta\u017een\u00ed voln\u011b dostupn\u00e9 klasick\u00e9 \u010desk\u00e9 literatury ve form\u00e1tu Pdf a pro audioknihy nav\u0161tivte tak\u00e9 sekci <a href=\"http:\/\/franco-tcheque-nantes.org\/?page_id=434\" target=\"_blank\" rel=\"noopener\">Zaj\u00edmav\u00e9 zdroje<\/a> !<\/p>\n","protected":false},"excerpt":{"rendered":"<p>\u010cesk\u00e1 knihovna v Nantes AFTN m\u00e1 ve sv\u00e9 knihovn\u011b literaturu pro dosp\u011bl\u00e9 i d\u011bti; knihy, \u010dasopisy, CD a DVD a nab\u00edz\u00ed jejich bezplatn\u00e9 zap\u016fj\u010den\u00ed \u010dlen\u016fm spolku. Knihovna ji\u017e nen\u00ed voln\u011b p\u0159\u00edstupn\u00e1 na ve\u0159ejn\u00e9m m\u00edst\u011b, ale m\u016f\u017eete n\u00e1s kontaktovat e-mailem a domluvit si v\u00fdp\u016fj\u010dku:\u00a0biblio.tcheque.nantes@gmail.com &nbsp; V\u00fdb\u011br d\u011btsk\u00fdch knih je k dispozici b\u011bhem vyu\u010dov\u00e1n\u00ed v \u010desk\u00e9 \u0161kole &hellip;<\/p>\n","protected":false},"author":1,"featured_media":0,"parent":0,"menu_order":0,"comment_status":"open","ping_status":"open","template":"","meta":{"footnotes":""},"class_list":["post-387","page","type-page","status-publish","hentry"],"_links":{"self":[{"href":"https:\/\/franco-tcheque-nantes.org\/index.php?rest_route=\/wp\/v2\/pages\/387","targetHints":{"allow":["GET"]}}],"collection":[{"href":"https:\/\/franco-tcheque-nantes.org\/index.php?rest_route=\/wp\/v2\/pages"}],"about":[{"href":"https:\/\/franco-tcheque-nantes.org\/index.php?rest_route=\/wp\/v2\/types\/page"}],"author":[{"embeddable":true,"href":"https:\/\/franco-tcheque-nantes.org\/index.php?rest_route=\/wp\/v2\/users\/1"}],"replies":[{"embeddable":true,"href":"https:\/\/franco-tcheque-nantes.org\/index.php?rest_route=%2Fwp%2Fv2%2Fcomments&post=387"}],"version-history":[{"count":13,"href":"https:\/\/franco-tcheque-nantes.org\/index.php?rest_route=\/wp\/v2\/pages\/387\/revisions"}],"predecessor-version":[{"id":10405,"href":"https:\/\/franco-tcheque-nantes.org\/index.php?rest_route=\/wp\/v2\/pages\/387\/revisions\/10405"}],"wp:attachment":[{"href":"https:\/\/franco-tcheque-nantes.org\/index.php?rest_route=%2Fwp%2Fv2%2Fmedia&parent=387"}],"curies":[{"name":"wp","href":"https:\/\/api.w.org\/{rel}","templated":true}]}}