{"id":398,"date":"2016-01-10T11:47:55","date_gmt":"2016-01-10T09:47:55","guid":{"rendered":"http:\/\/franco-tcheque-nantes.org\/?page_id=398"},"modified":"2017-12-22T16:59:46","modified_gmt":"2017-12-22T14:59:46","slug":"predstaveni","status":"publish","type":"page","link":"https:\/\/franco-tcheque-nantes.org\/?page_id=398&lang=fr","title":{"rendered":"P\u0159edstaven\u00ed"},"content":{"rendered":"<p>Association Franco-Tch\u00e8que de Nantes (AFTN) byla zalo\u017eena v kv\u011btnu 2014. Tento krajansk\u00fd spolek je nez\u00e1visl\u00fd, nepolitick\u00fd a sekul\u00e1rn\u00ed. Jeho c\u00edlem je vytvo\u0159it a udr\u017eovat vztahy a v\u00fdm\u011bny mezi Franci\u00ed a \u010ceskou republikou.<\/p>\n<hr>\n<h2 style=\"text-align: center;\"><span style=\"color: #113d7a;\">Association Franco-Tch\u00e8que de Nantes<\/span><\/h2>\n<ul>\n<li>si d\u00e1v\u00e1 za c\u00edl udr\u017eet, rozv\u00edjet, p\u0159edstavovat a podporovat \u010deskou kulturu v regionech Pays de la Loire a Breta\u0148<\/li>\n<li>organizuje kurzy \u010de\u0161tiny pro cizince s c\u00edlem p\u0159ibl\u00ed\u017eit jim \u010deskou kulturu a bohatost \u010desk\u00e9ho jazyka<\/li>\n<li>umo\u017e\u0148uje \u010cech\u016fm, kte\u0159\u00ed ve Francii pob\u00fdvaj\u00ed do\u010dasn\u011b nebo natrvalo, z\u016fstat v kontaktu s \u010deskou kulturou a jejich ko\u0159eny<\/li>\n<li>umo\u017e\u0148uje d\u011btem sm\u00ed\u0161en\u00fdch \u010desko-francouzsk\u00fdch p\u00e1r\u016f tr\u00e1vit spole\u010dn\u011b \u010das, obezn\u00e1mit se s jejich \u010desk\u00fdmi ko\u0159eny, a m\u00edt tak mo\u017enost mluvit spolu \u010desky a vytvo\u0159it a udr\u017eet vazby tak\u00e9 s \u010deskou kulturou<\/li>\n<li>usnad\u0148uje integraci a orientaci tak\u00e9 v administrativn\u00edch \u00faskal\u00edch nov\u011b p\u0159\u00edchoz\u00edm \u010cech\u016fm do oblasti Nantes a okol\u00ed<\/li>\n<\/ul>\n<p>\u2026a to v\u0161e v p\u0159\u00edjemn\u00e9m a p\u0159\u00e1telsk\u00e9m duchu.<\/p>\n<hr>\n<h3 style=\"text-align: center;\"><span style=\"color: #113d7a;\">Tyto c\u00edle uskute\u010d\u0148ujeme prost\u0159ednictv\u00edm n\u00e1sleduj\u00edc\u00edch aktivit<\/span><\/h3>\n<ul>\n<li>Kurzy \u010desk\u00e9ho jazyka pro za\u010d\u00e1te\u010dn\u00edky a pokro\u010dil\u00e9<\/li>\n<li>Klubem pro d\u011bti s d\u016frazem na v\u00fduku \u010desk\u00e9ho jazyka<\/li>\n<li>Kurzy va\u0159en\u00ed (recepty \u010desk\u00e9 i francouzsk\u00e9 kuchyn\u011b &#8211; kulturn\u00ed v\u00fdm\u011bna)<\/li>\n<li>Provozem \u010desk\u00e9 knihovny v Nantes (v sou\u010dasn\u00e9 dob\u011b 300 knih a tiskovin, audio i video)<\/li>\n<li>T\u00e9matick\u00fdmi ve\u010dery spojen\u00fdmi s p\u0159edstaven\u00edm \u010desk\u00e9 liter\u00e1rn\u00ed tvorby<\/li>\n<li>Tematickymi setk\u00e1n\u00edmi p\u0159ipom\u00ednaj\u00edc\u00edmi zvyky, &nbsp; &nbsp; &nbsp; tradice, mezin\u00e1rodn\u00ed dny (d\u011bt\u00ed, pt\u00e1k\u016f,mate\u0159sk\u00e9ho jazyka&#8230;), po\u0159\u00e1d\u00e1n\u00edm tv\u016fr\u010d\u00edch d\u00edlen inspirovan\u00fdch \u010desk\u00fdmi v\u00fdtvarn\u00edky a v\u00fdtvarn\u00fdmi technikami (animace, linoryt&#8230;)<\/li>\n<li>Pravideln\u00fdmi \u201ecestovatelsk\u00fdmi\u201c ve\u010dery &#8211; \u201eLes Tch\u00e8ques qui voyagent\u201c<\/li>\n<\/ul>\n<p>Na\u0161im hlavn\u00edm c\u00edlem je umo\u017enit \u010cech\u016fm z\u016fstat ve spojen\u00ed s jejich mate\u0159skou kulturou, propojovat ji aktivn\u00edm a tv\u016fr\u010d\u00edm zp\u016fsobem s kulturou francouzskou, a inspirovat se tak navz\u00e1jem v r\u00e1mci \u010desko-francouzsk\u00e9ho kulturn\u00edho dialogu.<\/p>\n<p>Na\u0161e stanovy : Association Loi 1901 (Francouzsk\u00e9 pr\u00e1vo)<\/p>\n<form action=\"http:\/\/franco-tcheque-nantes.org\" method=\"get\"><\/form>\n","protected":false},"excerpt":{"rendered":"<p>Association Franco-Tch\u00e8que de Nantes (AFTN) byla zalo\u017eena v kv\u011btnu 2014. Tento krajansk\u00fd spolek je nez\u00e1visl\u00fd, nepolitick\u00fd a sekul\u00e1rn\u00ed. Jeho c\u00edlem je vytvo\u0159it a udr\u017eovat vztahy a v\u00fdm\u011bny mezi Franci\u00ed a \u010ceskou republikou. Association Franco-Tch\u00e8que de Nantes si d\u00e1v\u00e1 za c\u00edl udr\u017eet, rozv\u00edjet, p\u0159edstavovat a podporovat \u010deskou kulturu v regionech Pays de la Loire a Breta\u0148 &hellip;<\/p>\n","protected":false},"author":1,"featured_media":0,"parent":0,"menu_order":0,"comment_status":"closed","ping_status":"closed","template":"","meta":{"footnotes":""},"class_list":["post-398","page","type-page","status-publish","hentry"],"_links":{"self":[{"href":"https:\/\/franco-tcheque-nantes.org\/index.php?rest_route=\/wp\/v2\/pages\/398","targetHints":{"allow":["GET"]}}],"collection":[{"href":"https:\/\/franco-tcheque-nantes.org\/index.php?rest_route=\/wp\/v2\/pages"}],"about":[{"href":"https:\/\/franco-tcheque-nantes.org\/index.php?rest_route=\/wp\/v2\/types\/page"}],"author":[{"embeddable":true,"href":"https:\/\/franco-tcheque-nantes.org\/index.php?rest_route=\/wp\/v2\/users\/1"}],"replies":[{"embeddable":true,"href":"https:\/\/franco-tcheque-nantes.org\/index.php?rest_route=%2Fwp%2Fv2%2Fcomments&post=398"}],"version-history":[{"count":8,"href":"https:\/\/franco-tcheque-nantes.org\/index.php?rest_route=\/wp\/v2\/pages\/398\/revisions"}],"predecessor-version":[{"id":10218,"href":"https:\/\/franco-tcheque-nantes.org\/index.php?rest_route=\/wp\/v2\/pages\/398\/revisions\/10218"}],"wp:attachment":[{"href":"https:\/\/franco-tcheque-nantes.org\/index.php?rest_route=%2Fwp%2Fv2%2Fmedia&parent=398"}],"curies":[{"name":"wp","href":"https:\/\/api.w.org\/{rel}","templated":true}]}}