{"id":404,"date":"2016-01-10T11:52:56","date_gmt":"2016-01-10T09:52:56","guid":{"rendered":"http:\/\/franco-tcheque-nantes.org\/?page_id=404"},"modified":"2024-10-23T08:53:54","modified_gmt":"2024-10-23T06:53:54","slug":"devenir-membre","status":"publish","type":"page","link":"https:\/\/franco-tcheque-nantes.org\/?page_id=404&lang=cs","title":{"rendered":"Devenir membre de l&rsquo;AFTN"},"content":{"rendered":"<p><span style=\"font-weight: 400;\">Voulez-vous nous rejoindre ? Nous utilisons le site \u00ab\u00a0HelloAsso\u00a0\u00bb pour la gestion des inscriptions. Merci d&rsquo;utiliser le lien suivant <\/span><strong><a href=\"https:\/\/www.helloasso.com\/associations\/association-franco-tcheque- nantes\/adhesions\/adhesion-2024-2025\">Adh\u00e9sion 2024\/2025<\/a>.<\/strong><\/p>\n<p>&nbsp;<\/p>\n<p><b>Membre :<\/b> participe aux \u00e9v\u00e9nements de l&rsquo;association et \/ ou suit les cours de tch\u00e8que.<br \/>\n<span style=\"font-weight: 400;\">Cotisation de 15 euros par an \u00e0 compter du 1er septembre de chaque ann\u00e9e<\/span><\/p>\n<p><b>Membre \u00ab\u00a0actif\u00a0\u00bb : <span style=\"font-weight: 400;\">contribue \u00e0 l\u2019organisation des actions de l\u2019Association.<br \/>\n<\/span><\/b><span style=\"font-weight: 400;\">Cotisation 10 euros par an \u00e0 compter du 1er septembre de chaque ann\u00e9e.<br \/>\n<\/span><\/p>\n<p>&nbsp;<\/p>\n<p><span style=\"font-weight: 400;\">Entr\u00e9e gratuite aux manifestations de l\u2019association pour tous les adh\u00e9rents. <\/span><\/p>\n<p><span style=\"font-weight: 400;\">Pour certaines actions (ex. ateliers de cr\u00e9ation), une contribution pour l\u2019achat du mat\u00e9riel peut \u00eatre demand\u00e9e. <\/span><\/p>\n<p><span style=\"font-weight: 400;\">Pour les non membres, le montant du droit d\u2019entr\u00e9e s\u2019\u00e9l\u00e8ve \u00e0 3 euros pour chaque action (+ contribution pour l&rsquo;achat \u00e9ventuel de mat\u00e9riel). <\/span><\/p>\n","protected":false},"excerpt":{"rendered":"<p>Voulez-vous nous rejoindre ? Nous utilisons le site \u00ab\u00a0HelloAsso\u00a0\u00bb pour la gestion des inscriptions. Merci d&rsquo;utiliser le lien suivant Adh\u00e9sion 2024\/2025. &nbsp; Membre : participe aux \u00e9v\u00e9nements de l&rsquo;association et \/ ou suit les cours de tch\u00e8que. Cotisation de 15 euros par an \u00e0 compter du 1er septembre de chaque ann\u00e9e Membre \u00ab\u00a0actif\u00a0\u00bb : contribue &hellip;<\/p>\n","protected":false},"author":1,"featured_media":0,"parent":0,"menu_order":0,"comment_status":"closed","ping_status":"closed","template":"","meta":{"footnotes":""},"class_list":["post-404","page","type-page","status-publish","hentry"],"_links":{"self":[{"href":"https:\/\/franco-tcheque-nantes.org\/index.php?rest_route=\/wp\/v2\/pages\/404","targetHints":{"allow":["GET"]}}],"collection":[{"href":"https:\/\/franco-tcheque-nantes.org\/index.php?rest_route=\/wp\/v2\/pages"}],"about":[{"href":"https:\/\/franco-tcheque-nantes.org\/index.php?rest_route=\/wp\/v2\/types\/page"}],"author":[{"embeddable":true,"href":"https:\/\/franco-tcheque-nantes.org\/index.php?rest_route=\/wp\/v2\/users\/1"}],"replies":[{"embeddable":true,"href":"https:\/\/franco-tcheque-nantes.org\/index.php?rest_route=%2Fwp%2Fv2%2Fcomments&post=404"}],"version-history":[{"count":14,"href":"https:\/\/franco-tcheque-nantes.org\/index.php?rest_route=\/wp\/v2\/pages\/404\/revisions"}],"predecessor-version":[{"id":10531,"href":"https:\/\/franco-tcheque-nantes.org\/index.php?rest_route=\/wp\/v2\/pages\/404\/revisions\/10531"}],"wp:attachment":[{"href":"https:\/\/franco-tcheque-nantes.org\/index.php?rest_route=%2Fwp%2Fv2%2Fmedia&parent=404"}],"curies":[{"name":"wp","href":"https:\/\/api.w.org\/{rel}","templated":true}]}}