{"id":406,"date":"2016-01-10T11:53:28","date_gmt":"2016-01-10T09:53:28","guid":{"rendered":"http:\/\/franco-tcheque-nantes.org\/?page_id=406"},"modified":"2024-10-23T08:53:00","modified_gmt":"2024-10-23T06:53:00","slug":"jak-se-stat-clenem-2","status":"publish","type":"page","link":"https:\/\/franco-tcheque-nantes.org\/?page_id=406&lang=fr","title":{"rendered":"Jak se st\u00e1t \u010dlenem"},"content":{"rendered":"<p>Chcete se st\u00e1t \u010dlenem? Pro aktivaci clenstvi i zapis do kurzu a akci pouzivame stranky &lsquo;HelloAsso\u00a0\u00bb, odkaz na aktualni clenstvi je zde: <a href=\"https:\/\/www.helloasso.com\/associations\/association-franco-tcheque- nantes\/adhesions\/adhesion-2024-2025\">Clenstvi 2024\/2025<\/a><\/p>\n<p>&nbsp;<\/p>\n<p><strong>pasivn\u00ed \u010dlen: <\/strong>\u00fa\u010dastn\u00ed se ud\u00e1lost\u00ed asociace a \/ nebo kurz\u016f \u010de\u0161tiny a z\u00e1rove\u0148 m\u00e1 p\u0159\u00edstup na akce asociace b\u011bhem cel\u00e9ho roku zdarma. Poplatek \u010din\u00ed 15 euro ro\u010dn\u011b po\u010d\u00ednaje 1. z\u00e1\u0159\u00edm ka\u017ed\u00e9ho roku.<\/p>\n<p><strong>aktivn\u00ed \u010dlen : <\/strong>pom\u00e1h\u00e1 s organizac\u00ed a p\u0159i pr\u016fb\u011bhu akc\u00ed asociace a z\u00e1rove\u0148 m\u00e1 p\u0159\u00edstup na akce asociace b\u011bhem cel\u00e9ho roku zdarma. Poplatek\u00a0 \u010din\u00ed 10 euro ro\u010dn\u011b po\u010d\u00ednaje 1, z\u00e1\u0159\u00edm ka\u017ed\u00e9ho roku.<\/p>\n<p>&nbsp;<\/p>\n<p>V p\u0159\u00edpad\u011b vybran\u00fdch akc\u00ed (nap\u0159. tv\u016fr\u010d\u00ed d\u00edlny) m\u016f\u017ee b\u00fdt stanoven p\u0159\u00edsp\u011bvek na zakoupen\u00ed materi\u00e1lu (nap\u0159. 3 eur).<\/p>\n<p>Pro ne\u010dleny, kte\u0159\u00ed se cht\u011bj\u00ed n\u00e1razov\u011b z\u016f\u010dastnit akc\u00ed asociace\u00a0 je poplatek za \u00fa\u010dast stanoven na 3 eura za akci (+p\u0159\u00edpadn\u00fd p\u0159\u00edsp\u011bvek na materi\u00e1l).<\/p>\n","protected":false},"excerpt":{"rendered":"<p>Chcete se st\u00e1t \u010dlenem? Pro aktivaci clenstvi i zapis do kurzu a akci pouzivame stranky &lsquo;HelloAsso\u00a0\u00bb, odkaz na aktualni clenstvi je zde: Clenstvi 2024\/2025 &nbsp; pasivn\u00ed \u010dlen: \u00fa\u010dastn\u00ed se ud\u00e1lost\u00ed asociace a \/ nebo kurz\u016f \u010de\u0161tiny a z\u00e1rove\u0148 m\u00e1 p\u0159\u00edstup na akce asociace b\u011bhem cel\u00e9ho roku zdarma. Poplatek \u010din\u00ed 15 euro ro\u010dn\u011b po\u010d\u00ednaje 1. z\u00e1\u0159\u00edm &hellip;<\/p>\n","protected":false},"author":1,"featured_media":0,"parent":0,"menu_order":0,"comment_status":"closed","ping_status":"closed","template":"","meta":{"footnotes":""},"class_list":["post-406","page","type-page","status-publish","hentry"],"_links":{"self":[{"href":"https:\/\/franco-tcheque-nantes.org\/index.php?rest_route=\/wp\/v2\/pages\/406","targetHints":{"allow":["GET"]}}],"collection":[{"href":"https:\/\/franco-tcheque-nantes.org\/index.php?rest_route=\/wp\/v2\/pages"}],"about":[{"href":"https:\/\/franco-tcheque-nantes.org\/index.php?rest_route=\/wp\/v2\/types\/page"}],"author":[{"embeddable":true,"href":"https:\/\/franco-tcheque-nantes.org\/index.php?rest_route=\/wp\/v2\/users\/1"}],"replies":[{"embeddable":true,"href":"https:\/\/franco-tcheque-nantes.org\/index.php?rest_route=%2Fwp%2Fv2%2Fcomments&post=406"}],"version-history":[{"count":10,"href":"https:\/\/franco-tcheque-nantes.org\/index.php?rest_route=\/wp\/v2\/pages\/406\/revisions"}],"predecessor-version":[{"id":10530,"href":"https:\/\/franco-tcheque-nantes.org\/index.php?rest_route=\/wp\/v2\/pages\/406\/revisions\/10530"}],"wp:attachment":[{"href":"https:\/\/franco-tcheque-nantes.org\/index.php?rest_route=%2Fwp%2Fv2%2Fmedia&parent=406"}],"curies":[{"name":"wp","href":"https:\/\/api.w.org\/{rel}","templated":true}]}}