{"id":408,"date":"2016-01-10T11:56:57","date_gmt":"2016-01-10T09:56:57","guid":{"rendered":"http:\/\/franco-tcheque-nantes.org\/?page_id=408"},"modified":"2016-09-28T17:19:15","modified_gmt":"2016-09-28T15:19:15","slug":"ils-ont-ecrit-sur-nous","status":"publish","type":"page","link":"https:\/\/franco-tcheque-nantes.org\/?page_id=408&lang=cs","title":{"rendered":"Ils ont \u00e9crit sur nous"},"content":{"rendered":"<p>Petit Bal de l&rsquo;Europe en mai 2016<\/p>\n<p>Comme chaque ann\u00e9e, la F\u00eate de l\u2019Europe a propos\u00e9 plein d\u2019\u00e9v\u00e9nements pendant une semaine enti\u00e8re. L\u2019association franco-tch\u00e8que de Nantes a particip\u00e9 le samedi 7 mai pour pr\u00e9senter la R\u00e9publique tch\u00e8que et sa culture. \u00c9galement dans le cadre de la F\u00eate de l\u2019Europe, nous nous nous sommes associ\u00e9s avec les associations\u00a0 A Deux Bals, Eur en Sc\u00e8ne et la Maison de l\u2019Europe pour organiser une soir\u00e9e dansante ; Petit Bal de l&rsquo;Europe o\u00f9 les visiteurs on eu possibilit\u00e9 de s&rsquo;initier aux danses traditionnelles europ\u00e9ennes\u00a0: tch\u00e8ques, grecques, russes, polonaises et \u00a0irlandaises. <a href=\"http:\/\/www.lafetedeleurope.eu\/la-f%C3%AAte-de-l-europe\/07-mai-le-petit-bal-de-l-europe\/\">Voici un article et retour en images sur cette belle soir\u00e9e !<\/a><\/p>\n<p>&nbsp;<\/p>\n<p>S\u00e9jour \u00e0 Prague pour 12 lyc\u00e9ens au printemps 2015<\/p>\n<p><a href=\"http:\/\/franco-tcheque-nantes.org\/?attachment_id=1498&amp;lang=fr\" rel=\"attachment wp-att-1498\"><img loading=\"lazy\" decoding=\"async\" class=\"alignleft size-medium wp-image-1498\" src=\"http:\/\/franco-tcheque-nantes.org\/wp-content\/uploads\/2016\/09\/Sejour----Prague-pour-12-lyc--ens-300x250.jpg\" alt=\"sejour-a-prague-pour-12-lyceens\" width=\"300\" height=\"250\" srcset=\"https:\/\/franco-tcheque-nantes.org\/wp-content\/uploads\/2016\/09\/Sejour----Prague-pour-12-lyc--ens-300x250.jpg 300w, https:\/\/franco-tcheque-nantes.org\/wp-content\/uploads\/2016\/09\/Sejour----Prague-pour-12-lyc--ens-768x639.jpg 768w, https:\/\/franco-tcheque-nantes.org\/wp-content\/uploads\/2016\/09\/Sejour----Prague-pour-12-lyc--ens-1024x852.jpg 1024w, https:\/\/franco-tcheque-nantes.org\/wp-content\/uploads\/2016\/09\/Sejour----Prague-pour-12-lyc--ens.jpg 1563w\" sizes=\"auto, (max-width: 300px) 100vw, 300px\" \/><\/a><\/p>\n<p>&nbsp;<\/p>\n<p>&nbsp;<\/p>\n<p>&nbsp;<\/p>\n<p>&nbsp;<\/p>\n<p>&nbsp;<\/p>\n<p>&nbsp;<\/p>\n<p>&#8230;et voici une belle photo des lyc\u00e9ens de Prague<\/p>\n<p><a href=\"http:\/\/franco-tcheque-nantes.org\/?attachment_id=1497&amp;lang=fr\" rel=\"attachment wp-att-1497\"><img loading=\"lazy\" decoding=\"async\" class=\"alignleft size-medium wp-image-1497\" src=\"http:\/\/franco-tcheque-nantes.org\/wp-content\/uploads\/2016\/09\/AFTN-Les-Lyc--ens----Prague-300x200.jpg\" alt=\"aftn-les-lyceens-a-prague\" width=\"300\" height=\"200\" srcset=\"https:\/\/franco-tcheque-nantes.org\/wp-content\/uploads\/2016\/09\/AFTN-Les-Lyc--ens----Prague-300x200.jpg 300w, https:\/\/franco-tcheque-nantes.org\/wp-content\/uploads\/2016\/09\/AFTN-Les-Lyc--ens----Prague-768x512.jpg 768w, https:\/\/franco-tcheque-nantes.org\/wp-content\/uploads\/2016\/09\/AFTN-Les-Lyc--ens----Prague-1024x682.jpg 1024w, https:\/\/franco-tcheque-nantes.org\/wp-content\/uploads\/2016\/09\/AFTN-Les-Lyc--ens----Prague-272x182.jpg 272w, https:\/\/franco-tcheque-nantes.org\/wp-content\/uploads\/2016\/09\/AFTN-Les-Lyc--ens----Prague.jpg 1600w\" sizes=\"auto, (max-width: 300px) 100vw, 300px\" \/><\/a><\/p>\n","protected":false},"excerpt":{"rendered":"<p>Petit Bal de l&rsquo;Europe en mai 2016 Comme chaque ann\u00e9e, la F\u00eate de l\u2019Europe a propos\u00e9 plein d\u2019\u00e9v\u00e9nements pendant une semaine enti\u00e8re. L\u2019association franco-tch\u00e8que de Nantes a particip\u00e9 le samedi 7 mai pour pr\u00e9senter la R\u00e9publique tch\u00e8que et sa culture. \u00c9galement dans le cadre de la F\u00eate de l\u2019Europe, nous nous nous sommes associ\u00e9s avec &hellip;<\/p>\n","protected":false},"author":1,"featured_media":0,"parent":0,"menu_order":0,"comment_status":"closed","ping_status":"closed","template":"","meta":{"footnotes":""},"class_list":["post-408","page","type-page","status-publish","hentry"],"_links":{"self":[{"href":"https:\/\/franco-tcheque-nantes.org\/index.php?rest_route=\/wp\/v2\/pages\/408","targetHints":{"allow":["GET"]}}],"collection":[{"href":"https:\/\/franco-tcheque-nantes.org\/index.php?rest_route=\/wp\/v2\/pages"}],"about":[{"href":"https:\/\/franco-tcheque-nantes.org\/index.php?rest_route=\/wp\/v2\/types\/page"}],"author":[{"embeddable":true,"href":"https:\/\/franco-tcheque-nantes.org\/index.php?rest_route=\/wp\/v2\/users\/1"}],"replies":[{"embeddable":true,"href":"https:\/\/franco-tcheque-nantes.org\/index.php?rest_route=%2Fwp%2Fv2%2Fcomments&post=408"}],"version-history":[{"count":4,"href":"https:\/\/franco-tcheque-nantes.org\/index.php?rest_route=\/wp\/v2\/pages\/408\/revisions"}],"predecessor-version":[{"id":1499,"href":"https:\/\/franco-tcheque-nantes.org\/index.php?rest_route=\/wp\/v2\/pages\/408\/revisions\/1499"}],"wp:attachment":[{"href":"https:\/\/franco-tcheque-nantes.org\/index.php?rest_route=%2Fwp%2Fv2%2Fmedia&parent=408"}],"curies":[{"name":"wp","href":"https:\/\/api.w.org\/{rel}","templated":true}]}}