{"id":410,"date":"2016-01-10T11:58:17","date_gmt":"2016-01-10T09:58:17","guid":{"rendered":"http:\/\/franco-tcheque-nantes.org\/?page_id=410"},"modified":"2016-09-28T17:21:55","modified_gmt":"2016-09-28T15:21:55","slug":"psali-o-nas-2","status":"publish","type":"page","link":"https:\/\/franco-tcheque-nantes.org\/?page_id=410&lang=cs","title":{"rendered":"Psali o n\u00e1s"},"content":{"rendered":"<p>Pro \u010dl\u00e1nky ve francouz\u0161tin\u011b p\u0159eklikn\u011bte na francouzskou verzi.<\/p>\n<p>&nbsp;<\/p>\n<p>&nbsp;<\/p>\n","protected":false},"excerpt":{"rendered":"<p>Pro \u010dl\u00e1nky ve francouz\u0161tin\u011b p\u0159eklikn\u011bte na francouzskou verzi. &nbsp; &nbsp;<\/p>\n","protected":false},"author":1,"featured_media":0,"parent":0,"menu_order":0,"comment_status":"closed","ping_status":"closed","template":"","meta":{"footnotes":""},"class_list":["post-410","page","type-page","status-publish","hentry"],"_links":{"self":[{"href":"https:\/\/franco-tcheque-nantes.org\/index.php?rest_route=\/wp\/v2\/pages\/410","targetHints":{"allow":["GET"]}}],"collection":[{"href":"https:\/\/franco-tcheque-nantes.org\/index.php?rest_route=\/wp\/v2\/pages"}],"about":[{"href":"https:\/\/franco-tcheque-nantes.org\/index.php?rest_route=\/wp\/v2\/types\/page"}],"author":[{"embeddable":true,"href":"https:\/\/franco-tcheque-nantes.org\/index.php?rest_route=\/wp\/v2\/users\/1"}],"replies":[{"embeddable":true,"href":"https:\/\/franco-tcheque-nantes.org\/index.php?rest_route=%2Fwp%2Fv2%2Fcomments&post=410"}],"version-history":[{"count":4,"href":"https:\/\/franco-tcheque-nantes.org\/index.php?rest_route=\/wp\/v2\/pages\/410\/revisions"}],"predecessor-version":[{"id":1501,"href":"https:\/\/franco-tcheque-nantes.org\/index.php?rest_route=\/wp\/v2\/pages\/410\/revisions\/1501"}],"wp:attachment":[{"href":"https:\/\/franco-tcheque-nantes.org\/index.php?rest_route=%2Fwp%2Fv2%2Fmedia&parent=410"}],"curies":[{"name":"wp","href":"https:\/\/api.w.org\/{rel}","templated":true}]}}