{"id":412,"date":"2016-01-10T12:00:52","date_gmt":"2016-01-10T10:00:52","guid":{"rendered":"http:\/\/franco-tcheque-nantes.org\/?page_id=412"},"modified":"2017-11-14T23:52:15","modified_gmt":"2017-11-14T21:52:15","slug":"mecenes-et-remerciements","status":"publish","type":"page","link":"https:\/\/franco-tcheque-nantes.org\/?page_id=412&lang=cs","title":{"rendered":"M\u00e9c\u00e8nes"},"content":{"rendered":"<p><span style=\"font-weight: 400;\">En 2014 nous avons ouvert une biblioth\u00e8que tch\u00e8que \u00e0 Nantes qui permet de pr\u00e9server et d\u00e9velopper les racines tch\u00e8ques en France. Cela n\u2019aurait pas \u00e9t\u00e9 possible sans les maisons d\u2019\u00e9dition et donateurs individuels suivants.<\/span><\/p>\n<p><span style=\"font-weight: 400;\">Nos remerciements chaleureux vont \u00e0 :<\/span><\/p>\n<p style=\"text-align: center;\"><b>Donateurs individuels :<\/b><span style=\"font-weight: 400;\"><br \/>\n<\/span><b>Alexandre Vavra<br \/>\n<\/b><b>Mirka Wiebelov\u00e1<\/b><span style=\"font-weight: 400;\">\u00a0(plus de cent livres offerts \u00e0 l\u2019Association)<\/span><span style=\"font-weight: 400;\"><br \/>\n<\/span><b>Jana Erbenov\u00e1<\/b><span style=\"font-weight: 400;\"><br \/>\n<\/span><b>Justina Ka\u0161parov\u00e1<\/b><span style=\"font-weight: 400;\"><br \/>\n<\/span><b>Ond\u0159ej Buddeus<\/b><span style=\"font-weight: 400;\"><br \/>\n<\/span><b>Petr Mat\u00e1sek<\/b><b><br \/>\n<\/b><\/p>\n<p style=\"text-align: center;\"><strong><a href=\"http:\/\/www.rolnicka-praha.cz\/\" target=\"_blank\" rel=\"noopener\"><img loading=\"lazy\" decoding=\"async\" class=\"wp-image-253 aligncenter\" src=\"http:\/\/franco-tcheque-nantes.org\/wp-content\/uploads\/2015\/10\/logo_rolnicka-003-300x31.jpg\" alt=\"logo_rolnicka-003\" width=\"145\" height=\"15\" srcset=\"https:\/\/franco-tcheque-nantes.org\/wp-content\/uploads\/2015\/10\/logo_rolnicka-003-300x31.jpg 300w, https:\/\/franco-tcheque-nantes.org\/wp-content\/uploads\/2015\/10\/logo_rolnicka-003-1024x106.jpg 1024w, https:\/\/franco-tcheque-nantes.org\/wp-content\/uploads\/2015\/10\/logo_rolnicka-003.jpg 1724w\" sizes=\"auto, (max-width: 145px) 100vw, 145px\" \/><\/a><\/strong><\/p>\n<p style=\"text-align: center;\"><strong>Maisons d&rsquo;\u00e9dition:<\/strong><\/p>\n<p style=\"text-align: center;\"><a href=\"http:\/\/www.albatrosmedia.cz\/\" target=\"_blank\" rel=\"noopener\"><img loading=\"lazy\" decoding=\"async\" class=\"wp-image-237 aligncenter\" src=\"http:\/\/franco-tcheque-nantes.org\/wp-content\/uploads\/2015\/10\/ALBATROS_MEDIA_CMYK-300x55.jpg\" alt=\"ALBATROS_MEDIA_CMYK\" width=\"145\" height=\"26\" srcset=\"https:\/\/franco-tcheque-nantes.org\/wp-content\/uploads\/2015\/10\/ALBATROS_MEDIA_CMYK-300x55.jpg 300w, https:\/\/franco-tcheque-nantes.org\/wp-content\/uploads\/2015\/10\/ALBATROS_MEDIA_CMYK-1024x187.jpg 1024w\" sizes=\"auto, (max-width: 145px) 100vw, 145px\" \/><\/a><\/p>\n<p style=\"text-align: center;\"><a href=\"http:\/\/nakladatelstvi.hostbrno.cz\/\" target=\"_blank\" rel=\"noopener\"><img loading=\"lazy\" decoding=\"async\" class=\"wp-image-252 aligncenter\" src=\"http:\/\/franco-tcheque-nantes.org\/wp-content\/uploads\/2015\/10\/logo_bezpatkove_450x150-300x100.jpg\" alt=\"logo_bezpatkove_450x150\" width=\"120\" height=\"40\" \/><\/a><\/p>\n<p style=\"text-align: center;\"><a href=\"http:\/\/www.paseka.cz\/\" target=\"_blank\" rel=\"noopener\"><img loading=\"lazy\" decoding=\"async\" class=\"wp-image-248 aligncenter\" src=\"http:\/\/franco-tcheque-nantes.org\/wp-content\/uploads\/2015\/10\/LOGO-INDD-300x300.jpg\" alt=\"LOGO INDD\" width=\"100\" height=\"100\" srcset=\"https:\/\/franco-tcheque-nantes.org\/wp-content\/uploads\/2015\/10\/LOGO-INDD-300x300.jpg 300w, https:\/\/franco-tcheque-nantes.org\/wp-content\/uploads\/2015\/10\/LOGO-INDD-150x150.jpg 150w, https:\/\/franco-tcheque-nantes.org\/wp-content\/uploads\/2015\/10\/LOGO-INDD-1024x1024.jpg 1024w, https:\/\/franco-tcheque-nantes.org\/wp-content\/uploads\/2015\/10\/LOGO-INDD.jpg 1748w\" sizes=\"auto, (max-width: 100px) 100vw, 100px\" \/><\/a><\/p>\n<p style=\"text-align: center;\"><a href=\"http:\/\/www.knihyomega.cz\/\" target=\"_blank\" rel=\"noopener\"><img loading=\"lazy\" decoding=\"async\" class=\"wp-image-244 aligncenter\" src=\"http:\/\/franco-tcheque-nantes.org\/wp-content\/uploads\/2015\/10\/ediceomega-fb-profile-11.jpg\" alt=\"ediceomega-fb-profile (1)\" width=\"100\" height=\"100\" srcset=\"https:\/\/franco-tcheque-nantes.org\/wp-content\/uploads\/2015\/10\/ediceomega-fb-profile-11.jpg 180w, https:\/\/franco-tcheque-nantes.org\/wp-content\/uploads\/2015\/10\/ediceomega-fb-profile-11-150x150.jpg 150w\" sizes=\"auto, (max-width: 100px) 100vw, 100px\" \/><\/a><\/p>\n<p style=\"text-align: left;\"><a href=\"http:\/\/www.cesky-dialog.net\/\" target=\"_blank\" rel=\"noopener\"><img loading=\"lazy\" decoding=\"async\" class=\"wp-image-240 aligncenter\" src=\"http:\/\/franco-tcheque-nantes.org\/wp-content\/uploads\/2015\/10\/CD_logo_25-let-300x155.jpg\" alt=\"CD_logo_25 let\" width=\"145\" height=\"75\" srcset=\"https:\/\/franco-tcheque-nantes.org\/wp-content\/uploads\/2015\/10\/CD_logo_25-let-300x155.jpg 300w, https:\/\/franco-tcheque-nantes.org\/wp-content\/uploads\/2015\/10\/CD_logo_25-let-1024x529.jpg 1024w, https:\/\/franco-tcheque-nantes.org\/wp-content\/uploads\/2015\/10\/CD_logo_25-let.jpg 1052w\" sizes=\"auto, (max-width: 145px) 100vw, 145px\" \/><\/a><\/p>\n<p style=\"text-align: left;\"><a href=\"http:\/\/www.knizniklub-knihy.cz\/\" target=\"_blank\" rel=\"noopener\"> <img loading=\"lazy\" decoding=\"async\" class=\"wp-image-246 aligncenter\" src=\"http:\/\/franco-tcheque-nantes.org\/wp-content\/uploads\/2015\/10\/KNIZNI-KLUB-300x86.jpg\" alt=\"KNIZNI KLUB\" width=\"145\" height=\"41\" srcset=\"https:\/\/franco-tcheque-nantes.org\/wp-content\/uploads\/2015\/10\/KNIZNI-KLUB-300x86.jpg 300w, https:\/\/franco-tcheque-nantes.org\/wp-content\/uploads\/2015\/10\/KNIZNI-KLUB-1024x293.jpg 1024w, https:\/\/franco-tcheque-nantes.org\/wp-content\/uploads\/2015\/10\/KNIZNI-KLUB.jpg 1328w\" sizes=\"auto, (max-width: 145px) 100vw, 145px\" \/><\/a><\/p>\n<p style=\"text-align: left;\"><a href=\"http:\/\/www.akropolis.info\/\" target=\"_blank\" rel=\"noopener\"><img loading=\"lazy\" decoding=\"async\" class=\"wp-image-251 aligncenter\" src=\"http:\/\/franco-tcheque-nantes.org\/wp-content\/uploads\/2015\/10\/logo_akropolis_vyskove_300-185x300.jpg\" alt=\"logo_akropolis_vyskove_300\" width=\"86\" height=\"140\" \/><\/a><\/p>\n<p style=\"text-align: left;\"><a href=\"http:\/\/www.vaclavhavel-library.org\/\" target=\"_blank\" rel=\"noopener\"><img loading=\"lazy\" decoding=\"async\" class=\"wp-image-271 aligncenter\" src=\"http:\/\/franco-tcheque-nantes.org\/wp-content\/uploads\/2015\/10\/knihovnaVH4.jpg\" alt=\"knihovnaVH4\" width=\"145\" height=\"93\" \/><\/a><\/p>\n<p style=\"text-align: center;\"><strong>Magazines :<\/strong><\/p>\n<p style=\"text-align: left;\"><a href=\"http:\/\/www.respekt.cz\/\" target=\"_blank\" rel=\"noopener\"><img loading=\"lazy\" decoding=\"async\" class=\"wp-image-256 aligncenter\" src=\"http:\/\/franco-tcheque-nantes.org\/wp-content\/uploads\/2015\/10\/Respekt-logo1.gif\" alt=\"Respekt logo(1)\" width=\"140\" height=\"49\" \/><\/a><\/p>\n<p style=\"text-align: left;\"><a href=\"http:\/\/www.mf.cz\/produkty\/slunicko\/\" target=\"_blank\" rel=\"noopener\"><img loading=\"lazy\" decoding=\"async\" class=\"wp-image-270 aligncenter\" src=\"http:\/\/franco-tcheque-nantes.org\/wp-content\/uploads\/2015\/10\/Slunicko_logo-300x74.jpg\" alt=\"Slunicko_logo\" width=\"140\" height=\"34\" srcset=\"https:\/\/franco-tcheque-nantes.org\/wp-content\/uploads\/2015\/10\/Slunicko_logo-300x74.jpg 300w, https:\/\/franco-tcheque-nantes.org\/wp-content\/uploads\/2015\/10\/Slunicko_logo-1024x251.jpg 1024w, https:\/\/franco-tcheque-nantes.org\/wp-content\/uploads\/2015\/10\/Slunicko_logo.jpg 1507w\" sizes=\"auto, (max-width: 140px) 100vw, 140px\" \/><\/a><\/p>\n<p style=\"text-align: left;\"><a href=\"http:\/\/www.casopishrana.cz\/\" target=\"_blank\" rel=\"noopener\"><img loading=\"lazy\" decoding=\"async\" class=\"wp-image-267 aligncenter\" src=\"http:\/\/franco-tcheque-nantes.org\/wp-content\/uploads\/2015\/10\/hrana-300x90.jpg\" alt=\"hrana\" width=\"140\" height=\"42\" srcset=\"https:\/\/franco-tcheque-nantes.org\/wp-content\/uploads\/2015\/10\/hrana-300x90.jpg 300w, https:\/\/franco-tcheque-nantes.org\/wp-content\/uploads\/2015\/10\/hrana-1024x306.jpg 1024w, https:\/\/franco-tcheque-nantes.org\/wp-content\/uploads\/2015\/10\/hrana.jpg 1648w\" sizes=\"auto, (max-width: 140px) 100vw, 140px\" \/><\/a><\/p>\n<p>&nbsp;<\/p>\n<p>&nbsp;<\/p>\n","protected":false},"excerpt":{"rendered":"<p>En 2014 nous avons ouvert une biblioth\u00e8que tch\u00e8que \u00e0 Nantes qui permet de pr\u00e9server et d\u00e9velopper les racines tch\u00e8ques en France. Cela n\u2019aurait pas \u00e9t\u00e9 possible sans les maisons d\u2019\u00e9dition et donateurs individuels suivants. Nos remerciements chaleureux vont \u00e0 : Donateurs individuels : Alexandre Vavra Mirka Wiebelov\u00e1\u00a0(plus de cent livres offerts \u00e0 l\u2019Association) Jana Erbenov\u00e1 &hellip;<\/p>\n","protected":false},"author":1,"featured_media":0,"parent":0,"menu_order":0,"comment_status":"closed","ping_status":"closed","template":"","meta":{"footnotes":""},"class_list":["post-412","page","type-page","status-publish","hentry"],"_links":{"self":[{"href":"https:\/\/franco-tcheque-nantes.org\/index.php?rest_route=\/wp\/v2\/pages\/412","targetHints":{"allow":["GET"]}}],"collection":[{"href":"https:\/\/franco-tcheque-nantes.org\/index.php?rest_route=\/wp\/v2\/pages"}],"about":[{"href":"https:\/\/franco-tcheque-nantes.org\/index.php?rest_route=\/wp\/v2\/types\/page"}],"author":[{"embeddable":true,"href":"https:\/\/franco-tcheque-nantes.org\/index.php?rest_route=\/wp\/v2\/users\/1"}],"replies":[{"embeddable":true,"href":"https:\/\/franco-tcheque-nantes.org\/index.php?rest_route=%2Fwp%2Fv2%2Fcomments&post=412"}],"version-history":[{"count":8,"href":"https:\/\/franco-tcheque-nantes.org\/index.php?rest_route=\/wp\/v2\/pages\/412\/revisions"}],"predecessor-version":[{"id":9843,"href":"https:\/\/franco-tcheque-nantes.org\/index.php?rest_route=\/wp\/v2\/pages\/412\/revisions\/9843"}],"wp:attachment":[{"href":"https:\/\/franco-tcheque-nantes.org\/index.php?rest_route=%2Fwp%2Fv2%2Fmedia&parent=412"}],"curies":[{"name":"wp","href":"https:\/\/api.w.org\/{rel}","templated":true}]}}