{"id":414,"date":"2016-01-10T12:04:40","date_gmt":"2016-01-10T10:04:40","guid":{"rendered":"http:\/\/franco-tcheque-nantes.org\/?page_id=414"},"modified":"2017-11-14T23:53:01","modified_gmt":"2017-11-14T21:53:01","slug":"sponzori-a-podekovani-2","status":"publish","type":"page","link":"https:\/\/franco-tcheque-nantes.org\/?page_id=414&lang=fr","title":{"rendered":"Sponzo\u0159i a pod\u011bkov\u00e1n\u00ed"},"content":{"rendered":"<p class=\"NormalWeb1\" style=\"text-align: left;\"><span lang=\"CS\" style=\"font-family: Calibri;\"><strong>SPONZO\u0158I A POD\u011aKOV\u00c1N\u00cd :<\/strong><\/span><\/p>\n<p style=\"text-align: left;\">V roce 2014 byla slavnostn\u011b otev\u0159ena na\u0161e \u010desk\u00e1 knihovna v Nantes udr\u017euj\u00edc\u00ed a rozv\u00edjej\u00edc\u00ed \u010desk\u00e9 ko\u0159eny v zahrani\u010d\u00ed. Toto v\u0161e by nebylo mo\u017en\u00e9 bez t\u011bchto nakladatelstv\u00ed a soukrom\u00fdch d\u00e1rc\u016f.<\/p>\n<p style=\"text-align: left;\">Na\u0161e srde\u010dn\u00e9 pod\u011bkov\u00e1n\u00ed pat\u0159\u00ed :<\/p>\n<p style=\"text-align: center;\"><strong>SOUKROM\u00cd D\u00c1RCI :<\/strong><\/p>\n<p style=\"text-align: center;\"><strong>Alexandr V\u00e1vra<br \/>\nMirka Wiebelov\u00e1<\/strong> (v\u00edce ne\u017e stovky knih asociaci)<br \/>\n<strong>Jana Erbenov\u00e1<\/strong><br \/>\n<strong>Justina Ka\u0161parov\u00e1<\/strong><br \/>\n<strong>Ond\u0159ej Buddeus<\/strong><\/p>\n<p style=\"text-align: center;\"><strong>Pavel Groh\u00a0 alias Beru\u0161\u00e1k<\/strong><br \/>\n<strong>Petr Mat\u00e1sek<\/strong><br \/>\n<strong>Rolni\u010dka Praha<br \/>\n<a href=\"http:\/\/www.rolnicka-praha.cz\/\" target=\"_blank\" rel=\"noopener\"><img loading=\"lazy\" decoding=\"async\" class=\"wp-image-253 aligncenter\" src=\"http:\/\/franco-tcheque-nantes.org\/wp-content\/uploads\/2015\/10\/logo_rolnicka-003-300x31.jpg\" alt=\"logo_rolnicka-003\" width=\"145\" height=\"15\" srcset=\"https:\/\/franco-tcheque-nantes.org\/wp-content\/uploads\/2015\/10\/logo_rolnicka-003-300x31.jpg 300w, https:\/\/franco-tcheque-nantes.org\/wp-content\/uploads\/2015\/10\/logo_rolnicka-003-1024x106.jpg 1024w, https:\/\/franco-tcheque-nantes.org\/wp-content\/uploads\/2015\/10\/logo_rolnicka-003.jpg 1724w\" sizes=\"auto, (max-width: 145px) 100vw, 145px\" \/><\/a><\/strong><\/p>\n<p style=\"text-align: center;\"><strong>NAKLADATELSTV\u00cd :<\/strong><\/p>\n<p style=\"text-align: center;\"><a href=\"http:\/\/www.albatrosmedia.cz\/\" target=\"_blank\" rel=\"noopener\"><img loading=\"lazy\" decoding=\"async\" class=\"wp-image-237 aligncenter\" src=\"http:\/\/franco-tcheque-nantes.org\/wp-content\/uploads\/2015\/10\/ALBATROS_MEDIA_CMYK-300x55.jpg\" alt=\"ALBATROS_MEDIA_CMYK\" width=\"145\" height=\"26\" srcset=\"https:\/\/franco-tcheque-nantes.org\/wp-content\/uploads\/2015\/10\/ALBATROS_MEDIA_CMYK-300x55.jpg 300w, https:\/\/franco-tcheque-nantes.org\/wp-content\/uploads\/2015\/10\/ALBATROS_MEDIA_CMYK-1024x187.jpg 1024w\" sizes=\"auto, (max-width: 145px) 100vw, 145px\" \/><\/a><\/p>\n<p style=\"text-align: center;\"><a href=\"http:\/\/nakladatelstvi.hostbrno.cz\/\" target=\"_blank\" rel=\"noopener\"><img loading=\"lazy\" decoding=\"async\" class=\"wp-image-252 aligncenter\" src=\"http:\/\/franco-tcheque-nantes.org\/wp-content\/uploads\/2015\/10\/logo_bezpatkove_450x150-300x100.jpg\" alt=\"logo_bezpatkove_450x150\" width=\"120\" height=\"40\" \/><\/a><\/p>\n<p style=\"text-align: center;\"><a href=\"http:\/\/www.paseka.cz\/\" target=\"_blank\" rel=\"noopener\"><img loading=\"lazy\" decoding=\"async\" class=\"wp-image-248 aligncenter\" src=\"http:\/\/franco-tcheque-nantes.org\/wp-content\/uploads\/2015\/10\/LOGO-INDD-300x300.jpg\" alt=\"LOGO INDD\" width=\"100\" height=\"100\" srcset=\"https:\/\/franco-tcheque-nantes.org\/wp-content\/uploads\/2015\/10\/LOGO-INDD-300x300.jpg 300w, https:\/\/franco-tcheque-nantes.org\/wp-content\/uploads\/2015\/10\/LOGO-INDD-150x150.jpg 150w, https:\/\/franco-tcheque-nantes.org\/wp-content\/uploads\/2015\/10\/LOGO-INDD-1024x1024.jpg 1024w, https:\/\/franco-tcheque-nantes.org\/wp-content\/uploads\/2015\/10\/LOGO-INDD.jpg 1748w\" sizes=\"auto, (max-width: 100px) 100vw, 100px\" \/><\/a><\/p>\n<p style=\"text-align: center;\"><a href=\"http:\/\/www.knihyomega.cz\/\" target=\"_blank\" rel=\"noopener\"><img loading=\"lazy\" decoding=\"async\" class=\"wp-image-244 aligncenter\" src=\"http:\/\/franco-tcheque-nantes.org\/wp-content\/uploads\/2015\/10\/ediceomega-fb-profile-11.jpg\" alt=\"ediceomega-fb-profile (1)\" width=\"100\" height=\"100\" srcset=\"https:\/\/franco-tcheque-nantes.org\/wp-content\/uploads\/2015\/10\/ediceomega-fb-profile-11.jpg 180w, https:\/\/franco-tcheque-nantes.org\/wp-content\/uploads\/2015\/10\/ediceomega-fb-profile-11-150x150.jpg 150w\" sizes=\"auto, (max-width: 100px) 100vw, 100px\" \/><\/a><\/p>\n<p style=\"text-align: left;\"><a href=\"http:\/\/www.cesky-dialog.net\/\" target=\"_blank\" rel=\"noopener\"><img loading=\"lazy\" decoding=\"async\" class=\"wp-image-240 aligncenter\" src=\"http:\/\/franco-tcheque-nantes.org\/wp-content\/uploads\/2015\/10\/CD_logo_25-let-300x155.jpg\" alt=\"CD_logo_25 let\" width=\"145\" height=\"75\" srcset=\"https:\/\/franco-tcheque-nantes.org\/wp-content\/uploads\/2015\/10\/CD_logo_25-let-300x155.jpg 300w, https:\/\/franco-tcheque-nantes.org\/wp-content\/uploads\/2015\/10\/CD_logo_25-let-1024x529.jpg 1024w, https:\/\/franco-tcheque-nantes.org\/wp-content\/uploads\/2015\/10\/CD_logo_25-let.jpg 1052w\" sizes=\"auto, (max-width: 145px) 100vw, 145px\" \/><\/a><\/p>\n<p style=\"text-align: left;\"><a href=\"http:\/\/www.knizniklub-knihy.cz\/\" target=\"_blank\" rel=\"noopener\"> <img loading=\"lazy\" decoding=\"async\" class=\"wp-image-246 aligncenter\" src=\"http:\/\/franco-tcheque-nantes.org\/wp-content\/uploads\/2015\/10\/KNIZNI-KLUB-300x86.jpg\" alt=\"KNIZNI KLUB\" width=\"145\" height=\"41\" srcset=\"https:\/\/franco-tcheque-nantes.org\/wp-content\/uploads\/2015\/10\/KNIZNI-KLUB-300x86.jpg 300w, https:\/\/franco-tcheque-nantes.org\/wp-content\/uploads\/2015\/10\/KNIZNI-KLUB-1024x293.jpg 1024w, https:\/\/franco-tcheque-nantes.org\/wp-content\/uploads\/2015\/10\/KNIZNI-KLUB.jpg 1328w\" sizes=\"auto, (max-width: 145px) 100vw, 145px\" \/><\/a><\/p>\n<p style=\"text-align: left;\"><a href=\"http:\/\/www.akropolis.info\/\" target=\"_blank\" rel=\"noopener\"><img loading=\"lazy\" decoding=\"async\" class=\"wp-image-251 aligncenter\" src=\"http:\/\/franco-tcheque-nantes.org\/wp-content\/uploads\/2015\/10\/logo_akropolis_vyskove_300-185x300.jpg\" alt=\"logo_akropolis_vyskove_300\" width=\"86\" height=\"140\" \/><\/a><\/p>\n<p style=\"text-align: left;\"><a href=\"http:\/\/www.vaclavhavel-library.org\/\" target=\"_blank\" rel=\"noopener\"><img loading=\"lazy\" decoding=\"async\" class=\"wp-image-271 aligncenter\" src=\"http:\/\/franco-tcheque-nantes.org\/wp-content\/uploads\/2015\/10\/knihovnaVH4.jpg\" alt=\"knihovnaVH4\" width=\"145\" height=\"93\" \/><\/a><\/p>\n<p style=\"text-align: center;\"><strong>\u010cASOPISY :<\/strong><\/p>\n<p style=\"text-align: left;\"><a href=\"http:\/\/www.respekt.cz\/\" target=\"_blank\" rel=\"noopener\"><img loading=\"lazy\" decoding=\"async\" class=\"wp-image-256 aligncenter\" src=\"http:\/\/franco-tcheque-nantes.org\/wp-content\/uploads\/2015\/10\/Respekt-logo1.gif\" alt=\"Respekt logo(1)\" width=\"140\" height=\"49\" \/><\/a><\/p>\n<p style=\"text-align: left;\"><a href=\"http:\/\/www.mf.cz\/produkty\/slunicko\/\" target=\"_blank\" rel=\"noopener\"><img loading=\"lazy\" decoding=\"async\" class=\"wp-image-270 aligncenter\" src=\"http:\/\/franco-tcheque-nantes.org\/wp-content\/uploads\/2015\/10\/Slunicko_logo-300x74.jpg\" alt=\"Slunicko_logo\" width=\"140\" height=\"34\" srcset=\"https:\/\/franco-tcheque-nantes.org\/wp-content\/uploads\/2015\/10\/Slunicko_logo-300x74.jpg 300w, https:\/\/franco-tcheque-nantes.org\/wp-content\/uploads\/2015\/10\/Slunicko_logo-1024x251.jpg 1024w, https:\/\/franco-tcheque-nantes.org\/wp-content\/uploads\/2015\/10\/Slunicko_logo.jpg 1507w\" sizes=\"auto, (max-width: 140px) 100vw, 140px\" \/><\/a><\/p>\n<p style=\"text-align: left;\"><a href=\"http:\/\/www.casopishrana.cz\/\" target=\"_blank\" rel=\"noopener\"><img loading=\"lazy\" decoding=\"async\" class=\"wp-image-267 aligncenter\" src=\"http:\/\/franco-tcheque-nantes.org\/wp-content\/uploads\/2015\/10\/hrana-300x90.jpg\" alt=\"hrana\" width=\"140\" height=\"42\" srcset=\"https:\/\/franco-tcheque-nantes.org\/wp-content\/uploads\/2015\/10\/hrana-300x90.jpg 300w, https:\/\/franco-tcheque-nantes.org\/wp-content\/uploads\/2015\/10\/hrana-1024x306.jpg 1024w, https:\/\/franco-tcheque-nantes.org\/wp-content\/uploads\/2015\/10\/hrana.jpg 1648w\" sizes=\"auto, (max-width: 140px) 100vw, 140px\" \/><\/a><\/p>\n","protected":false},"excerpt":{"rendered":"<p>SPONZO\u0158I A POD\u011aKOV\u00c1N\u00cd : V roce 2014 byla slavnostn\u011b otev\u0159ena na\u0161e \u010desk\u00e1 knihovna v Nantes udr\u017euj\u00edc\u00ed a rozv\u00edjej\u00edc\u00ed \u010desk\u00e9 ko\u0159eny v zahrani\u010d\u00ed. Toto v\u0161e by nebylo mo\u017en\u00e9 bez t\u011bchto nakladatelstv\u00ed a soukrom\u00fdch d\u00e1rc\u016f. Na\u0161e srde\u010dn\u00e9 pod\u011bkov\u00e1n\u00ed pat\u0159\u00ed : SOUKROM\u00cd D\u00c1RCI : Alexandr V\u00e1vra Mirka Wiebelov\u00e1 (v\u00edce ne\u017e stovky knih asociaci) Jana Erbenov\u00e1 Justina Ka\u0161parov\u00e1 Ond\u0159ej &hellip;<\/p>\n","protected":false},"author":1,"featured_media":0,"parent":0,"menu_order":0,"comment_status":"closed","ping_status":"closed","template":"","meta":{"footnotes":""},"class_list":["post-414","page","type-page","status-publish","hentry"],"_links":{"self":[{"href":"https:\/\/franco-tcheque-nantes.org\/index.php?rest_route=\/wp\/v2\/pages\/414","targetHints":{"allow":["GET"]}}],"collection":[{"href":"https:\/\/franco-tcheque-nantes.org\/index.php?rest_route=\/wp\/v2\/pages"}],"about":[{"href":"https:\/\/franco-tcheque-nantes.org\/index.php?rest_route=\/wp\/v2\/types\/page"}],"author":[{"embeddable":true,"href":"https:\/\/franco-tcheque-nantes.org\/index.php?rest_route=\/wp\/v2\/users\/1"}],"replies":[{"embeddable":true,"href":"https:\/\/franco-tcheque-nantes.org\/index.php?rest_route=%2Fwp%2Fv2%2Fcomments&post=414"}],"version-history":[{"count":19,"href":"https:\/\/franco-tcheque-nantes.org\/index.php?rest_route=\/wp\/v2\/pages\/414\/revisions"}],"predecessor-version":[{"id":9844,"href":"https:\/\/franco-tcheque-nantes.org\/index.php?rest_route=\/wp\/v2\/pages\/414\/revisions\/9844"}],"wp:attachment":[{"href":"https:\/\/franco-tcheque-nantes.org\/index.php?rest_route=%2Fwp%2Fv2%2Fmedia&parent=414"}],"curies":[{"name":"wp","href":"https:\/\/api.w.org\/{rel}","templated":true}]}}