{"id":424,"date":"2016-01-10T12:15:50","date_gmt":"2016-01-10T10:15:50","guid":{"rendered":"http:\/\/franco-tcheque-nantes.org\/?page_id=424"},"modified":"2017-12-22T15:54:44","modified_gmt":"2017-12-22T13:54:44","slug":"informations-utiles-2","status":"publish","type":"page","link":"https:\/\/franco-tcheque-nantes.org\/?page_id=424&lang=cs","title":{"rendered":"Informations utiles"},"content":{"rendered":"<p><span style=\"font-weight: 400;\">Ici vous trouverez des informations pratiques et des liens qui faciliteront votre orientation (non seulement) dans le syst\u00e8me administratif fran\u00e7ais. L\u2019unique langue officielle de l\u2019administration fran\u00e7aise est le fran\u00e7ais. Les liens ci-dessous vous guideront vers leurs sites web en fran\u00e7ais. <\/span><\/p>\n<hr>\n<h2 style=\"text-align: center;\"><span style=\"color: #113d7a;\">Informations g\u00e9n\u00e9rales<\/span><\/h2>\n<p><a href=\"http:\/\/www.mzv.cz\/paris\/cz\/konzularni_informace\/konzularni_sluzba_ve_francii\/honorarni_konzulaty_cr_ve_francii_a\/index.html\">Consulat honoraire tch\u00e8que \u00e0 Nantes<\/a><\/p>\n<p><a href=\"http:\/\/www.mzv.cz\/paris\/fr\/index.html\"><strong>Ambassade de la R\u00e9publique tch\u00e8que \u00e0 Paris <\/strong><\/a><\/p>\n<p><strong><a href=\"http:\/\/www.pole-emploi.fr\/accueil\/\">P\u00f4le emploi&nbsp;<\/a><\/strong><\/p>\n<p><a href=\"http:\/\/www.caf.fr\/\"><span style=\"font-weight: 400;\"><strong>CAF<\/strong><\/span><\/a><span style=\"font-weight: 400;\">&nbsp;(service social \u2013 aide au logement etc.) <\/span><\/p>\n<p><a href=\"http:\/\/www.ameli.fr\/\"><span style=\"font-weight: 400;\"><strong>S\u00e9curit\u00e9 Sociale<\/strong><\/span><\/a><span style=\"font-weight: 400;\">&nbsp;(frais m\u00e9dicaux)<\/span><\/p>\n<p><a href=\"http:\/\/www.nantes.fr\/\"><span style=\"font-weight: 400;\"><strong>Ville de Nantes<\/strong><\/span><\/a><span style=\"font-weight: 400;\">&nbsp;(informations pratiques sur Nantes) <\/span><\/p>\n<p><strong><a href=\"http:\/\/www.sncf.com\/\">Horaires de trains <\/a><\/strong><\/p>\n<p><strong><a href=\"http:\/\/www.pagesjaunes.fr\/annuaire\/nantes-44\/medecins\">M\u00e9decins <\/a><\/strong><\/p>\n<p><strong><a href=\"http:\/\/www.infos-jeunes.fr\/\">CRIJ<\/a><\/strong><span style=\"font-weight: 400;\">&nbsp;(Centre R\u00e9gional Information Jeunesse)<\/span><\/p>\n<p><strong><a href=\"http:\/\/www.parrainemploi.com\/\">Un parrain un emploi<\/a><\/strong><\/p>\n<hr>\n<h2 style=\"text-align: center;\"><span style=\"color: #113d7a;\"><b>D\u2019autres liens utiles \u00e0 Nantes<\/b><\/span><\/h2>\n<p><strong><a href=\"http:\/\/www.cce-nantes.eu\/\">Centre Culturel Europ\u00e9en<\/a><\/strong><\/p>\n<p><strong><a href=\"http:\/\/www.euradionantes.eu\/accueil\">EU Radio Nantes<\/a><\/strong><\/p>\n<hr>\n<h2 style=\"text-align: center;\"><span style=\"color: #113d7a;\">Informations touristiques pour un voyage \u00e0 Nantes et en France<\/span><\/h2>\n<p><strong><a href=\"http:\/\/www.levoyageanantes.fr\/fr\/\">Le voyage \u00e0 Nantes<\/a><\/strong><\/p>\n<hr>\n<h2 style=\"text-align: center;\"><span style=\"color: #113d7a;\"><strong>Un voyage vers la R\u00e9publique tch\u00e8que<\/strong><\/span><\/h2>\n<p><strong><a href=\"http:\/\/www.france.cz\/-Francais-\">Ambassade de France \u00e0 Prague<\/a><\/strong><\/p>\n<p><a href=\"http:\/\/www.ifp.cz\/index\/Nokto?lang=cs&amp;date_debut=2013-11-24\"><b>Institut fran\u00e7ais de Prague<\/b><b><br \/>\n<\/b><\/a><strong><a href=\"http:\/\/www.ifp.cz\/Alliance-francaise?lang=fr\">Alliance fran\u00e7aise en R\u00e9publique tch\u00e8que <\/a><\/strong><\/p>\n<p><strong><a href=\"http:\/\/www.a-tout-prague.com\/fr\/\">A Tout Prague<\/a><\/strong><\/p>\n<p><strong><a href=\"http:\/\/www.avantgarde-prague.fr\/\">Avant \u2013 garde Prague<\/a><\/strong><\/p>\n<p><strong><a href=\"http:\/\/90plan.ovh.net\/~tchequie\/\">Tch\u00e9quie.net<\/a><\/strong><\/p>\n<p><strong><a href=\"http:\/\/www.czech.cz\/fr\/Home-fr\">Czech.cz<\/a><\/strong><\/p>\n<p><strong><a href=\"http:\/\/www.czechtourism.com\/fr\/home\/\">Czech tourism<\/a><\/strong><\/p>\n<p><strong><a href=\"http:\/\/www.studyin.cz\/\">Prague Accueil<\/a><\/strong><\/p>\n<hr>\n<p><strong><a href=\"http:\/\/www.studyin.cz\/\">Study in Czech Republic<\/a><\/strong><\/p>\n","protected":false},"excerpt":{"rendered":"<p>Ici vous trouverez des informations pratiques et des liens qui faciliteront votre orientation (non seulement) dans le syst\u00e8me administratif fran\u00e7ais. L\u2019unique langue officielle de l\u2019administration fran\u00e7aise est le fran\u00e7ais. Les liens ci-dessous vous guideront vers leurs sites web en fran\u00e7ais. Informations g\u00e9n\u00e9rales Consulat honoraire tch\u00e8que \u00e0 Nantes Ambassade de la R\u00e9publique tch\u00e8que \u00e0 Paris P\u00f4le &hellip;<\/p>\n","protected":false},"author":1,"featured_media":0,"parent":0,"menu_order":0,"comment_status":"closed","ping_status":"closed","template":"","meta":{"footnotes":""},"class_list":["post-424","page","type-page","status-publish","hentry"],"_links":{"self":[{"href":"https:\/\/franco-tcheque-nantes.org\/index.php?rest_route=\/wp\/v2\/pages\/424","targetHints":{"allow":["GET"]}}],"collection":[{"href":"https:\/\/franco-tcheque-nantes.org\/index.php?rest_route=\/wp\/v2\/pages"}],"about":[{"href":"https:\/\/franco-tcheque-nantes.org\/index.php?rest_route=\/wp\/v2\/types\/page"}],"author":[{"embeddable":true,"href":"https:\/\/franco-tcheque-nantes.org\/index.php?rest_route=\/wp\/v2\/users\/1"}],"replies":[{"embeddable":true,"href":"https:\/\/franco-tcheque-nantes.org\/index.php?rest_route=%2Fwp%2Fv2%2Fcomments&post=424"}],"version-history":[{"count":11,"href":"https:\/\/franco-tcheque-nantes.org\/index.php?rest_route=\/wp\/v2\/pages\/424\/revisions"}],"predecessor-version":[{"id":10185,"href":"https:\/\/franco-tcheque-nantes.org\/index.php?rest_route=\/wp\/v2\/pages\/424\/revisions\/10185"}],"wp:attachment":[{"href":"https:\/\/franco-tcheque-nantes.org\/index.php?rest_route=%2Fwp%2Fv2%2Fmedia&parent=424"}],"curies":[{"name":"wp","href":"https:\/\/api.w.org\/{rel}","templated":true}]}}