{"id":426,"date":"2016-01-10T12:16:24","date_gmt":"2016-01-10T10:16:24","guid":{"rendered":"http:\/\/franco-tcheque-nantes.org\/?page_id=426"},"modified":"2017-12-22T15:53:53","modified_gmt":"2017-12-22T13:53:53","slug":"poradna-uzitecne-informace-3","status":"publish","type":"page","link":"https:\/\/franco-tcheque-nantes.org\/?page_id=426&lang=fr","title":{"rendered":"Poradna, u\u017eite\u010dn\u00e9 informace"},"content":{"rendered":"<p>Zde m\u016f\u017eete nal\u00e9zt praktick\u00e9 informace a odkazy, kter\u00e9 V\u00e1m usnadn\u00ed orientovat se (nejen) ve francouzsk\u00e9m administrativn\u00edm syst\u00e9mu. Na francouzsk\u00fdch \u00fa\u0159adech je jedinn\u00fdm \u00fa\u0159edn\u00edm jazykem francouz\u0161tina. Odkazy V\u00e1s nasm\u011bruj\u00ed na jejich webov\u00e9 str\u00e1nky ve francouz\u0161tin\u011b.<\/p>\n<hr>\n<h2 style=\"text-align: center;\"><span style=\"color: #113d7a;\">V\u0161eobecn\u00e9 odkazy<\/span><\/h2>\n<p><a href=\"http:\/\/www.mzv.cz\/paris\/cz\/konzularni_informace\/konzularni_sluzba_ve_francii\/honorarni_konzulaty_cr_ve_francii_a\/index.html\" target=\"_blank\" rel=\"noopener\">\u010cesk\u00fd honor\u00e1rn\u00ed konzul\u00e1t v Nantes<\/a><\/p>\n<p><a href=\"http:\/\/www.mzv.cz\/paris\/cz\/index.html\" target=\"_blank\" rel=\"noopener\">\u010cesk\u00e9 velvyslanectv\u00ed v Pa\u0159\u00ed\u017ei<\/a><\/p>\n<p><a href=\"http:\/\/www.pole-emploi.fr\/accueil\/\" target=\"_blank\" rel=\"noopener\">P\u00f4le emploi <\/a>(\u00fa\u0159ad pr\u00e1ce)<\/p>\n<p><a href=\"http:\/\/www.caf.fr\/\" target=\"_blank\" rel=\"noopener\">CAF<\/a> (soci\u00e1ln\u00ed slu\u017eba, \u017e\u00e1dosti o pomoc p\u0159i financov\u00e1n\u00ed ubytov\u00e1n\u00ed atd.)<\/p>\n<p><a href=\"http:\/\/www.ameli.fr\" target=\"_blank\" rel=\"noopener\">S\u00e9curit\u00e9 Sociale<\/a> (st\u00e1tn\u00ed zdravotn\u00ed poji\u0161\u0165ovna)<\/p>\n<p><a href=\"http:\/\/www.nantes.fr\" target=\"_blank\" rel=\"noopener\">Ville de Nantes<\/a> (praktick\u00e9 informace o Nantes)<\/p>\n<p><a href=\"http:\/\/www.tan.fr\" target=\"_blank\" rel=\"noopener\">M\u011bstsk\u00e1 hromadn\u00e1 doprava<\/a><\/p>\n<p><a href=\"http:\/\/www.sncf.com\" target=\"_blank\" rel=\"noopener\">Vlakov\u00e1 spojen\u00ed<\/a><\/p>\n<p><a href=\"http:\/\/www.pagesjaunes.fr\/annuaire\/nantes-44\/medecins\" target=\"_blank\" rel=\"noopener\">L\u00e9ka\u0159i<\/a><\/p>\n<p><a href=\"http:\/\/www.infos-jeunes.fr\/\" target=\"_blank\" rel=\"noopener\">CRIJ<\/a> (region\u00e1ln\u00ed informa\u010dn\u00ed centrum pro mlad\u00e9)<\/p>\n<p><a href=\"http:\/\/www.parrainemploi.com\/\" target=\"_blank\" rel=\"noopener\">Un parrain un emploi<\/a><\/p>\n<hr>\n<h2 style=\"text-align: center;\"><span style=\"color: #113d7a;\">Dal\u0161\u00ed u\u017eite\u010dn\u00e9 odkazy v Nantes<\/span><\/h2>\n<p><a href=\"http:\/\/www.cce-nantes.eu\/\" target=\"_blank\" rel=\"noopener\">Centre Culturel Europ\u00e9en<\/a><\/p>\n<p><a href=\"http:\/\/www.euradionantes.eu\/accueil\" target=\"_blank\" rel=\"noopener\">EU Radio Nantes<\/a><\/p>\n<hr>\n<h2 style=\"text-align: center;\"><span style=\"color: #113d7a;\"><strong>Turistick\u00e9 informace na cest\u011b do Nantes a do Francie<\/strong><\/span><\/h2>\n<p><a href=\"http:\/\/www.levoyageanantes.fr\/fr\/\" target=\"_blank\" rel=\"noopener\">Le voyage \u00e0 Nantes<\/a><\/p>\n<hr>\n<h2 style=\"text-align: center;\"><span style=\"color: #113d7a;\">Na cest\u011b do \u010cech<\/span><\/h2>\n<p><a href=\"http:\/\/www.france.cz\/-Francais-\">Ambassade de France \u00e0 Prague<\/a><\/p>\n<p><strong><a href=\"http:\/\/www.ifp.cz\/index\/Nokto?lang=cs&amp;date_debut=2013-11-24\" target=\"_blank\" rel=\"noopener\">Francouzsk\u00fd institut v Praze<\/a><\/strong><strong><br \/>\n<\/strong><\/p>\n<p><a href=\"http:\/\/www.ifp.cz\/Alliance-francaise?lang=fr\" target=\"_blank\" rel=\"noopener\">Francouzsk\u00e9 aliance v \u010cR<\/a><\/p>\n<p><a href=\"http:\/\/www.a-tout-prague.com\/fr\/\" target=\"_blank\" rel=\"noopener\">A Tout Prague<\/a><\/p>\n<p><a href=\"http:\/\/www.avantgarde-prague.fr\/\" target=\"_blank\" rel=\"noopener\">Avant &#8211; garde Prague<\/a><\/p>\n<p><a href=\"http:\/\/90plan.ovh.net\/~tchequie\/\" target=\"_blank\" rel=\"noopener\">Tch\u00e9quie.net<\/a><\/p>\n<p><a href=\"http:\/\/www.czech.cz\/fr\/Home-fr\" target=\"_blank\" rel=\"noopener\">Czech.cz<\/a><\/p>\n<p><a href=\"http:\/\/www.czechtourism.com\/fr\/home\/\" target=\"_blank\" rel=\"noopener\">Czech tourism<\/a><\/p>\n<p><a href=\"http:\/\/www.pragueaccueil.com\/\" target=\"_blank\" rel=\"noopener\">Prague Accueil<\/a><\/p>\n<hr>\n<p><a href=\"http:\/\/www.studyin.cz\/\" target=\"_blank\" rel=\"noopener\">Study in Czech Republic<\/a><\/p>\n","protected":false},"excerpt":{"rendered":"<p>Zde m\u016f\u017eete nal\u00e9zt praktick\u00e9 informace a odkazy, kter\u00e9 V\u00e1m usnadn\u00ed orientovat se (nejen) ve francouzsk\u00e9m administrativn\u00edm syst\u00e9mu. Na francouzsk\u00fdch \u00fa\u0159adech je jedinn\u00fdm \u00fa\u0159edn\u00edm jazykem francouz\u0161tina. Odkazy V\u00e1s nasm\u011bruj\u00ed na jejich webov\u00e9 str\u00e1nky ve francouz\u0161tin\u011b. V\u0161eobecn\u00e9 odkazy \u010cesk\u00fd honor\u00e1rn\u00ed konzul\u00e1t v Nantes \u010cesk\u00e9 velvyslanectv\u00ed v Pa\u0159\u00ed\u017ei P\u00f4le emploi (\u00fa\u0159ad pr\u00e1ce) CAF (soci\u00e1ln\u00ed slu\u017eba, \u017e\u00e1dosti o pomoc &hellip;<\/p>\n","protected":false},"author":1,"featured_media":0,"parent":0,"menu_order":0,"comment_status":"closed","ping_status":"closed","template":"","meta":{"footnotes":""},"class_list":["post-426","page","type-page","status-publish","hentry"],"_links":{"self":[{"href":"https:\/\/franco-tcheque-nantes.org\/index.php?rest_route=\/wp\/v2\/pages\/426","targetHints":{"allow":["GET"]}}],"collection":[{"href":"https:\/\/franco-tcheque-nantes.org\/index.php?rest_route=\/wp\/v2\/pages"}],"about":[{"href":"https:\/\/franco-tcheque-nantes.org\/index.php?rest_route=\/wp\/v2\/types\/page"}],"author":[{"embeddable":true,"href":"https:\/\/franco-tcheque-nantes.org\/index.php?rest_route=\/wp\/v2\/users\/1"}],"replies":[{"embeddable":true,"href":"https:\/\/franco-tcheque-nantes.org\/index.php?rest_route=%2Fwp%2Fv2%2Fcomments&post=426"}],"version-history":[{"count":6,"href":"https:\/\/franco-tcheque-nantes.org\/index.php?rest_route=\/wp\/v2\/pages\/426\/revisions"}],"predecessor-version":[{"id":10184,"href":"https:\/\/franco-tcheque-nantes.org\/index.php?rest_route=\/wp\/v2\/pages\/426\/revisions\/10184"}],"wp:attachment":[{"href":"https:\/\/franco-tcheque-nantes.org\/index.php?rest_route=%2Fwp%2Fv2%2Fmedia&parent=426"}],"curies":[{"name":"wp","href":"https:\/\/api.w.org\/{rel}","templated":true}]}}