{"id":434,"date":"2016-01-10T12:25:29","date_gmt":"2016-01-10T10:25:29","guid":{"rendered":"http:\/\/franco-tcheque-nantes.org\/?page_id=434"},"modified":"2017-12-22T16:46:10","modified_gmt":"2017-12-22T14:46:10","slug":"zajimave-zdroje-2","status":"publish","type":"page","link":"https:\/\/franco-tcheque-nantes.org\/?page_id=434&lang=fr","title":{"rendered":"Zaj\u00edmav\u00e9 zdroje"},"content":{"rendered":"<h2 style=\"text-align: center;\"><span style=\"color: #113d7a;\">\u010cesk\u00e1 literatura v PDF \u010di audio form\u00e1tu voln\u011b dostupn\u00e1 na internetu<\/span><\/h2>\n<ul>\n<li>M\u011bstsk\u00e1 knihovna v Praze:&nbsp;<a href=\"https:\/\/www.mlp.cz\/cz\/projekty\/e-knihovna\/\" target=\"_blank\" rel=\"noopener\">e-knihovna<\/a> (zde naleznete poh\u00e1dky pro d\u011bti, soubor d\u00edla Karla \u010capka, kucha\u0159ky a dal\u0161\u00ed)<\/li>\n<li><a href=\"http:\/\/audioteka.com\/cz\/\" target=\"_blank\" rel=\"noopener\">Audiot\u00e9ka<\/a><\/li>\n<\/ul>\n<hr>\n<h2 style=\"text-align: center;\"><span style=\"color: #113d7a;\">&nbsp;Radia<\/span><\/h2>\n<ul>\n<li><a href=\"http:\/\/www.radio.cz\/fr\" target=\"_blank\" rel=\"noopener\">Radio Prague<\/a> \u2013 Zpr\u00e1vy v n\u011bkolika sv\u011btov\u00fdch jazyc\u00edch z \u010cesk\u00e9 republiky<\/li>\n<li><a href=\"http:\/\/www.euradionantes.eu\/accueil\" target=\"_blank\" rel=\"noopener\">EU Radio Nantes<\/a><\/li>\n<\/ul>\n","protected":false},"excerpt":{"rendered":"<p>\u010cesk\u00e1 literatura v PDF \u010di audio form\u00e1tu voln\u011b dostupn\u00e1 na internetu M\u011bstsk\u00e1 knihovna v Praze:&nbsp;e-knihovna (zde naleznete poh\u00e1dky pro d\u011bti, soubor d\u00edla Karla \u010capka, kucha\u0159ky a dal\u0161\u00ed) Audiot\u00e9ka &nbsp;Radia Radio Prague \u2013 Zpr\u00e1vy v n\u011bkolika sv\u011btov\u00fdch jazyc\u00edch z \u010cesk\u00e9 republiky EU Radio Nantes<\/p>\n","protected":false},"author":1,"featured_media":0,"parent":0,"menu_order":0,"comment_status":"closed","ping_status":"closed","template":"","meta":{"footnotes":""},"class_list":["post-434","page","type-page","status-publish","hentry"],"_links":{"self":[{"href":"https:\/\/franco-tcheque-nantes.org\/index.php?rest_route=\/wp\/v2\/pages\/434","targetHints":{"allow":["GET"]}}],"collection":[{"href":"https:\/\/franco-tcheque-nantes.org\/index.php?rest_route=\/wp\/v2\/pages"}],"about":[{"href":"https:\/\/franco-tcheque-nantes.org\/index.php?rest_route=\/wp\/v2\/types\/page"}],"author":[{"embeddable":true,"href":"https:\/\/franco-tcheque-nantes.org\/index.php?rest_route=\/wp\/v2\/users\/1"}],"replies":[{"embeddable":true,"href":"https:\/\/franco-tcheque-nantes.org\/index.php?rest_route=%2Fwp%2Fv2%2Fcomments&post=434"}],"version-history":[{"count":4,"href":"https:\/\/franco-tcheque-nantes.org\/index.php?rest_route=\/wp\/v2\/pages\/434\/revisions"}],"predecessor-version":[{"id":10211,"href":"https:\/\/franco-tcheque-nantes.org\/index.php?rest_route=\/wp\/v2\/pages\/434\/revisions\/10211"}],"wp:attachment":[{"href":"https:\/\/franco-tcheque-nantes.org\/index.php?rest_route=%2Fwp%2Fv2%2Fmedia&parent=434"}],"curies":[{"name":"wp","href":"https:\/\/api.w.org\/{rel}","templated":true}]}}