{"id":443,"date":"2016-01-10T12:38:14","date_gmt":"2016-01-10T10:38:14","guid":{"rendered":"http:\/\/franco-tcheque-nantes.org\/?page_id=443"},"modified":"2023-09-27T12:44:46","modified_gmt":"2023-09-27T10:44:46","slug":"kontakt-2","status":"publish","type":"page","link":"https:\/\/franco-tcheque-nantes.org\/?page_id=443&lang=fr","title":{"rendered":"Kontakt"},"content":{"rendered":"<h3><span style=\"color: #113d7a;\">Association Franco-Tch\u00e8que de Nantes<\/span><\/h3>\n<p>12, rue de Chateaubriand<br \/>\n44000 Nantes<br \/>\ntel: 06 01 77 06 34 (Tereza Konickova, pr\u00e9sidente)<br \/>\nemail: <a href=\"mailto:assofrancotchequenantes@gmail.com\">assofrancotchequenantes@gmail.com<\/a><\/p>\n<p>Facebook: <a href=\"https:\/\/www.facebook.com\/assofrancotchequenantes\">Association Franco-Tch\u00e8que de Nantes<\/a><\/p>\n<p>SIRET 80747502500019<br \/>\nSIREN 807\u00a0475\u00a0025<\/p>\n<p>Cr\u00e9dit Mutuel<br \/>\nIBAN\u00a0 FR7610278361930001180680102<br \/>\nBIC CMCIFR2A<\/p>\n<p>&nbsp;<\/p>\n","protected":false},"excerpt":{"rendered":"<p>Association Franco-Tch\u00e8que de Nantes 12, rue de Chateaubriand 44000 Nantes tel: 06 01 77 06 34 (Tereza Konickova, pr\u00e9sidente) email: assofrancotchequenantes@gmail.com Facebook: Association Franco-Tch\u00e8que de Nantes SIRET 80747502500019 SIREN 807\u00a0475\u00a0025 Cr\u00e9dit Mutuel IBAN\u00a0 FR7610278361930001180680102 BIC CMCIFR2A &nbsp;<\/p>\n","protected":false},"author":1,"featured_media":0,"parent":0,"menu_order":0,"comment_status":"closed","ping_status":"closed","template":"","meta":{"footnotes":""},"class_list":["post-443","page","type-page","status-publish","hentry"],"_links":{"self":[{"href":"https:\/\/franco-tcheque-nantes.org\/index.php?rest_route=\/wp\/v2\/pages\/443","targetHints":{"allow":["GET"]}}],"collection":[{"href":"https:\/\/franco-tcheque-nantes.org\/index.php?rest_route=\/wp\/v2\/pages"}],"about":[{"href":"https:\/\/franco-tcheque-nantes.org\/index.php?rest_route=\/wp\/v2\/types\/page"}],"author":[{"embeddable":true,"href":"https:\/\/franco-tcheque-nantes.org\/index.php?rest_route=\/wp\/v2\/users\/1"}],"replies":[{"embeddable":true,"href":"https:\/\/franco-tcheque-nantes.org\/index.php?rest_route=%2Fwp%2Fv2%2Fcomments&post=443"}],"version-history":[{"count":9,"href":"https:\/\/franco-tcheque-nantes.org\/index.php?rest_route=\/wp\/v2\/pages\/443\/revisions"}],"predecessor-version":[{"id":10421,"href":"https:\/\/franco-tcheque-nantes.org\/index.php?rest_route=\/wp\/v2\/pages\/443\/revisions\/10421"}],"wp:attachment":[{"href":"https:\/\/franco-tcheque-nantes.org\/index.php?rest_route=%2Fwp%2Fv2%2Fmedia&parent=443"}],"curies":[{"name":"wp","href":"https:\/\/api.w.org\/{rel}","templated":true}]}}