{"id":5897,"date":"2017-11-14T13:30:28","date_gmt":"2017-11-14T11:30:28","guid":{"rendered":"http:\/\/franco-tcheque-nantes.org\/?page_id=5897"},"modified":"2026-03-31T18:39:42","modified_gmt":"2026-03-31T16:39:42","slug":"nas-tym_r","status":"publish","type":"page","link":"https:\/\/franco-tcheque-nantes.org\/?page_id=5897&lang=fr","title":{"rendered":"N\u00e1\u0161 t\u00fdm"},"content":{"rendered":"<section id=\"builder-section-text_819\" class=\"builder-section-first builder-section builder-section-text builder-section-next-text has-background builder-text-columns-1\" style=\"background-color:#ededed;background-size: cover; background-repeat: no-repeat;background-position: center center;\">\n<div class=\"builder-section-content\">\n<div class=\"builder-text-row\">\n<div class=\"builder-text-column builder-text-column-1\" id=\"builder-section-text_819-column-1\">\n<div class=\"builder-text-content\">\n<h2 style=\"text-align: center;\"><span style=\"color: #113d7a;\">N\u00e1\u0161 t\u00fdm \u2013 Bureau<\/span><\/h2>\n<p style=\"text-align: center;\"><strong><span style=\"color: #113d7a;\"><em>\u010dlenov\u00e9 spr\u00e1vn\u00ed rady<\/em><\/span><\/strong><\/p>\n<hr class=\"ttfmake-hr\" style=\"border-style: solid; border-top-width: 1px;\" \/>\n<h5 style=\"text-align: center;\"><span style=\"color: #113d7a;\">\u00a0<\/span><\/h5>\n<\/p><\/div>\n<\/p><\/div>\n<\/p><\/div>\n<div class=\"builder-text-row\">\n<div class=\"builder-text-column builder-text-column-2\" id=\"builder-section-text_819-column-1\">\n<div class=\"builder-text-content\">\n<h3><span style=\"color: #ffffff;\"><span style=\"color: #113d7a;\"><a href=\"http:\/\/franco-tcheque-nantes.org\/wp-content\/uploads\/2024\/04\/Linda_AFTN.jpg\"><img loading=\"lazy\" decoding=\"async\" class=\"alignnone size-medium wp-image-10467\" src=\"http:\/\/franco-tcheque-nantes.org\/wp-content\/uploads\/2024\/04\/Linda_AFTN-300x300.jpg\" alt=\"\" width=\"300\" height=\"300\" srcset=\"https:\/\/franco-tcheque-nantes.org\/wp-content\/uploads\/2024\/04\/Linda_AFTN-300x300.jpg 300w, https:\/\/franco-tcheque-nantes.org\/wp-content\/uploads\/2024\/04\/Linda_AFTN-150x150.jpg 150w, https:\/\/franco-tcheque-nantes.org\/wp-content\/uploads\/2024\/04\/Linda_AFTN-768x768.jpg 768w, https:\/\/franco-tcheque-nantes.org\/wp-content\/uploads\/2024\/04\/Linda_AFTN.jpg 776w\" sizes=\"auto, (max-width: 300px) 100vw, 300px\" \/><\/a><\/span><\/span><\/h3>\n<h3><span style=\"color: #ffffff;\"><span style=\"color: #113d7a;\">Linda Serandour<\/span><\/span><\/h3>\n<p><em><strong><span style=\"color: #113d7a;\">prezidentka, organiz\u00e1torka Kli\u010dku<\/span><\/strong><\/em><\/p>\n<p>Kontakt asso: <a href=\"mailto:assofrancotchequenantes@gmail.com\">assofrancotchequenantes@gmail.com<\/a><\/p>\n<p>Kontakt Klicek: <a href=\"mailto:ceskaskolanantes@gmail.com\">ceskaskolanantes@gmail.com<\/a><\/p>\n<\/p><\/div>\n<\/p><\/div>\n<\/p><\/div>\n<div class=\"builder-text-row\">\n<div class=\"builder-text-column builder-text-column-3\" id=\"builder-section-text_819-column-1\">\n<div class=\"builder-text-content\">\n<h3><a href=\"https:\/\/franco-tcheque-nantes.org\/?attachment_id=10594\" rel=\"attachment wp-att-10594\"><img loading=\"lazy\" decoding=\"async\" class=\"aligncenter size-medium wp-image-10594\" src=\"http:\/\/franco-tcheque-nantes.org\/wp-content\/uploads\/2026\/03\/Picture_Sarka-1-300x292.png\" alt=\"\" width=\"300\" height=\"292\" srcset=\"https:\/\/franco-tcheque-nantes.org\/wp-content\/uploads\/2026\/03\/Picture_Sarka-1-300x292.png 300w, https:\/\/franco-tcheque-nantes.org\/wp-content\/uploads\/2026\/03\/Picture_Sarka-1.png 431w\" sizes=\"auto, (max-width: 300px) 100vw, 300px\" \/><\/a><\/h3>\n<h3><span style=\"color: #ffffff;\"><span style=\"color: #113d7a;\">Sarka Leduc<\/span><\/span><\/h3>\n<p><em><strong><span style=\"color: #113d7a;\">vice-prezidentka, \u017e\u00e1dosti o granty<\/span><\/strong><\/em><\/p>\n<p>Kontakt asso: <a href=\"mailto:assofrancotchequenantes@gmail.com\">assofrancotchequenantes@gmail.com<\/a><\/p>\n<p>Kontakt Klicek: <a href=\"mailto:ceskaskolanantes@gmail.com\">ceskaskolanantes@gmail.com<\/a><\/p>\n<div>\n<p>M\u00edstop\u0159edsedkyn\u011b AFTN od roku 2023, \u0160\u00e1rka se usadila ve Francii v roce 2022, kr\u00e1tce po narozen\u00ed sv\u00e9ho t\u0159et\u00edho syna. Poch\u00e1z\u00ed z N\u00e1choda, studovala v Plzni a pot\u00e9 deset let \u017eila v Brn\u011b se sv\u00fdm francouzsk\u00fdm man\u017eelem. Spole\u010dn\u011b se rozhodli p\u0159est\u011bhovat do Nantes a otev\u0159\u00edt tak novou kapitolu sv\u00e9ho \u017eivota.Pracuje jako \u00fa\u010detn\u00ed v automobilov\u00e9m pr\u016fmyslu a spolupracuje mimo jin\u00e9 se spole\u010dnostmi \u0160koda Auto a Volkswagen \u2013 zna\u010dkami, kter\u00e9 pro ni maj\u00ed osobn\u00ed v\u00fdznam d\u00edky jej\u00edm \u010desk\u00fdm ko\u0159en\u016fm i vzpom\u00ednk\u00e1m na cesty po obou Amerik\u00e1ch.M\u00e1 bl\u00edzko k p\u0159\u00edrod\u011b a zv\u00ed\u0159at\u016fm, je sportovn\u011b zalo\u017een\u00e1, kreativn\u00ed a spont\u00e1nn\u00ed. R\u00e1da se v\u011bnuje ru\u010dn\u00edm \u010dinnostem a cen\u00ed si jednoduch\u00fdch chvil str\u00e1ven\u00fdch se sv\u00fdmi d\u011btmi.<\/p>\n<\/div><\/div>\n<\/p><\/div>\n<\/p><\/div>\n<div class=\"builder-text-row\">\n<div class=\"builder-text-column builder-text-column-4\" id=\"builder-section-text_819-column-1\">\n<div class=\"builder-text-content\">\n<h3><a href=\"https:\/\/franco-tcheque-nantes.org\/?attachment_id=10595\" rel=\"attachment wp-att-10595\"><img loading=\"lazy\" decoding=\"async\" class=\"aligncenter size-medium wp-image-10595\" src=\"http:\/\/franco-tcheque-nantes.org\/wp-content\/uploads\/2026\/03\/Picture_Jana-1-300x300.png\" alt=\"\" width=\"300\" height=\"300\" srcset=\"https:\/\/franco-tcheque-nantes.org\/wp-content\/uploads\/2026\/03\/Picture_Jana-1-300x300.png 300w, https:\/\/franco-tcheque-nantes.org\/wp-content\/uploads\/2026\/03\/Picture_Jana-1-150x150.png 150w, https:\/\/franco-tcheque-nantes.org\/wp-content\/uploads\/2026\/03\/Picture_Jana-1.png 458w\" sizes=\"auto, (max-width: 300px) 100vw, 300px\" \/><\/a><\/h3>\n<h3><span style=\"color: #ffffff;\"><span style=\"color: #113d7a;\">Jana Whitechurch<\/span><\/span><\/h3>\n<p><strong><span style=\"color: #113d7a;\"><em>sekret\u00e1\u0159ka, knihovnice<\/em><\/span><\/strong><\/p>\n<p>Kontakt asso: <a href=\"mailto:assofrancotchequenantes@gmail.com\">assofrancotchequenantes@gmail.com<\/a><\/p>\n<p>Kontakt knihovna: <a href=\"mailto:biblio.tcheque.nantes@gmail.com\">biblio.tcheque.nantes@gmail.com<\/a><\/p>\n<p>Jana Whitechurch, roda\u010dka z Prahy, \u017eije ve Francii ji\u017e 20 let a je nen\u00e1padn\u00fdm, ale nepostradateln\u00fdm pil\u00ed\u0159em AFTN. Ji\u017e osm let zast\u00e1v\u00e1 funkci tajemnice a aktivn\u00ed \u010dlenkou je od roku 2015. S velkou pe\u010dlivost\u00ed db\u00e1 na to, aby sdru\u017een\u00ed fungovalo v souladu se v\u0161emi pravidly. Star\u00e1 se o obsah webov\u00fdch str\u00e1nek, organizuje valn\u00e9 hromady a s nad\u0161en\u00edm spravuje na\u0161i knihovnu.<\/p>\n<p>Vystudovan\u00e1 in\u017een\u00fdrka a matemati\u010dka vyu\u017e\u00edv\u00e1 sv\u016fj smysl pro logiku a organizaci ve prosp\u011bch spolku \u2013 d\u00edky jej\u00ed metodickosti a d\u016fslednosti jsou na\u0161e \u00fa\u010detnictv\u00ed, pl\u00e1ny i akce v\u017edy p\u0159ehledn\u00e9, dob\u0159e strukturovan\u00e9 a spolehliv\u00e9.Jana je maminkou dvou francouzsko-\u010desk\u00fdch d\u011bt\u00ed, Mathieua a Claire, a dok\u00e1\u017ee skloubit rodinn\u00fd \u017eivot s anga\u017eovanost\u00ed ve spolku s p\u0159\u00edkladnou vytrvalost\u00ed a dobrou n\u00e1ladou. Bez n\u00ed by AFTN jednodu\u0161e nefungovala tak, jak m\u00e1.<\/p>\n<\/p><\/div>\n<\/p><\/div>\n<\/p><\/div>\n<div class=\"builder-text-row\">\n<div class=\"builder-text-column builder-text-column-5\" id=\"builder-section-text_819-column-1\">\n<div class=\"builder-text-content\">\n<h3><a href=\"https:\/\/franco-tcheque-nantes.org\/?attachment_id=10596\" rel=\"attachment wp-att-10596\"><img loading=\"lazy\" decoding=\"async\" class=\"aligncenter size-medium wp-image-10596\" src=\"http:\/\/franco-tcheque-nantes.org\/wp-content\/uploads\/2026\/03\/Picture_Dana-1-300x300.png\" alt=\"\" width=\"300\" height=\"300\" srcset=\"https:\/\/franco-tcheque-nantes.org\/wp-content\/uploads\/2026\/03\/Picture_Dana-1-300x300.png 300w, https:\/\/franco-tcheque-nantes.org\/wp-content\/uploads\/2026\/03\/Picture_Dana-1-150x150.png 150w, https:\/\/franco-tcheque-nantes.org\/wp-content\/uploads\/2026\/03\/Picture_Dana-1.png 433w\" sizes=\"auto, (max-width: 300px) 100vw, 300px\" \/><\/a><\/h3>\n<h3><span style=\"color: #ffffff;\"><span style=\"color: #113d7a;\">Dana Samzun<\/span><\/span><\/h3>\n<p><strong><span style=\"color: #113d7a;\"><em>finance (\u00fa\u010detn\u00ed)<\/em><\/span><\/strong><\/p>\n<p>Kontakt asso: <a href=\"mailto:assofrancotchequenantes@gmail.com\">assofrancotchequenantes@gmail.com<\/a>\u00a0<\/p>\n<div>\n<p>Dana Samzun je ji\u017e mnoho let spolupokladnic\u00ed na\u0161eho spolku AFTN. Posledn\u00ed t\u0159i roky z\u00e1rove\u0148 koordinuje skupinu nejmlad\u0161\u00edch d\u011bt\u00ed a zaji\u0161\u0165uje komunikaci s komunitn\u00edm centrem Maison de Quartier Botti\u00e8re.<\/p>\n<p><small><big>Do Francie p\u0159i\u0161la p\u0159ed dvan\u00e1cti lety a nejprve se usadila na ostrov\u011b Belle-\u00cele, jeho\u017e kouzlu natolik podlehla, \u017ee se tam rozhodla z\u016fstat del\u0161\u00ed dobu. Od roku 2014 \u017eije v Nantes, kde jej\u00ed dv\u011b d\u011bti, Todd a Emmy, nav\u0161t\u011bvuj\u00ed \u010deskou \u0161kolu Kl\u00ed\u010dek.<\/big><\/small><\/p>\n<p><small><big>Povol\u00e1n\u00edm je zdravotnick\u00e1 asistentka (o\u0161et\u0159ovatelka) a svou pr\u00e1ci vn\u00edm\u00e1 jako skute\u010dn\u00e9 posl\u00e1n\u00ed \u2013 pom\u00e1hat lidem, kte\u0159\u00ed podporu pot\u0159ebuj\u00ed.<\/big><\/small><\/p>\n<\/div><\/div>\n<\/p><\/div>\n<\/p><\/div>\n<div class=\"builder-text-row\">\n<div class=\"builder-text-column builder-text-column-6\" id=\"builder-section-text_819-column-1\">\n<div class=\"builder-text-content\">\n<h3><a href=\"https:\/\/franco-tcheque-nantes.org\/?attachment_id=10597\" rel=\"attachment wp-att-10597\"><img loading=\"lazy\" decoding=\"async\" class=\"aligncenter size-medium wp-image-10597\" src=\"http:\/\/franco-tcheque-nantes.org\/wp-content\/uploads\/2026\/03\/Picture_Sasa-1-300x300.png\" alt=\"\" width=\"300\" height=\"300\" srcset=\"https:\/\/franco-tcheque-nantes.org\/wp-content\/uploads\/2026\/03\/Picture_Sasa-1-300x300.png 300w, https:\/\/franco-tcheque-nantes.org\/wp-content\/uploads\/2026\/03\/Picture_Sasa-1-150x150.png 150w, https:\/\/franco-tcheque-nantes.org\/wp-content\/uploads\/2026\/03\/Picture_Sasa-1.png 444w\" sizes=\"auto, (max-width: 300px) 100vw, 300px\" \/><\/a><\/h3>\n<h3><span style=\"color: #ffffff;\"><span style=\"color: #113d7a;\">Alexandra Paulova<\/span><\/span><\/h3>\n<p><strong><span style=\"color: #113d7a;\"><em>finance (\u00fa\u010detn\u00ed)<\/em><\/span><\/strong><\/p>\n<p>Kontakt asso: <a href=\"mailto:assofrancotchequenantes@gmail.com\">assofrancotchequenantes@gmail.com<\/a>\u00a0<\/p>\n<div>\n<p>Od roku 2018 je Sa\u0161a pokladnic\u00ed, kter\u00e1 s p\u0159\u00edkladnou pe\u010dlivost\u00ed dohl\u00ed\u017e\u00ed na finance na\u0161eho spolku \u2013 banka, v\u00fddaje, bezchybn\u00fd p\u0159ehled\u2026 nic j\u00ed neunikne. Jej\u00ed organiza\u010dn\u00ed schopnosti a p\u0159esnost z n\u00ed d\u011blaj\u00ed spolehliv\u00fd pil\u00ed\u0159, kter\u00fd z\u016fst\u00e1v\u00e1 klidn\u00fd i uprost\u0159ed chaosu.<\/p>\n<p>Ve Francii \u017eije ji\u017e dvacet let, poch\u00e1z\u00ed z Plzn\u011b, vychov\u00e1v\u00e1 t\u0159i d\u011bti a pracuje jako projektov\u00e1 mana\u017eerka \u2013 lze tedy \u0159\u00edci, \u017ee um\u00ed v\u011bci organizovat l\u00e9pe ne\u017e kdokoli jin\u00fd. A i p\u0159es nabit\u00fd program v\u017edy p\u0159in\u00e1\u0161\u00ed laskavost, humor a vst\u0159\u00edcnost. M\u00e1me velk\u00e9 \u0161t\u011bst\u00ed, \u017ee ji m\u00e1me.<\/p>\n<\/div><\/div>\n<\/p><\/div>\n<\/p><\/div>\n<\/p><\/div>\n<\/section>\n<section id=\"builder-section-text_186\" class=\"builder-section-prev-text builder-section builder-section-text builder-section-last has-background builder-text-columns-1\" style=\"background-color:#ffffff;background-size: cover; background-repeat: no-repeat;background-position: center center;\">\n<div class=\"builder-section-content\">\n<div class=\"builder-text-row\">\n<div class=\"builder-text-column builder-text-column-1\" id=\"builder-section-text_186-column-1\">\n<div class=\"builder-text-content\">\n<h2 style=\"text-align: center;\"><span style=\"color: #113d7a;\">Aktivn\u00ed \u010dlenov\u00e9<\/span><\/h2>\n<hr class=\"ttfmake-hr\" style=\"border-style: solid; border-top-width: 1px;\">\n<h2 style=\"text-align: center;\"><span style=\"color: #113d7a;\">&nbsp;<\/span><\/h2>\n<\/p><\/div>\n<\/p><\/div>\n<\/p><\/div>\n<div class=\"builder-text-row\">\n<div class=\"builder-text-column builder-text-column-2\" id=\"builder-section-text_186-column-1\">\n<div class=\"builder-text-content\">\n<h3><span style=\"color: #113d7a;\">Lektorky kurz\u016f \u010desk\u00e9ho jazyka pro dosp\u011bl\u00e9 2026\/2027<\/span><\/h3>\n<p>Anezka Bihan, Marketa Vopelkova<\/p>\n<p>Kontakt kurzy: <a href=\"mailto:coursdetcheque.aftn@gmail.com\">coursdetcheque.aftn@gmail.com<\/a><\/p>\n<\/p><\/div>\n<\/p><\/div>\n<\/p><\/div>\n<\/p><\/div>\n<\/section>\n","protected":false},"excerpt":{"rendered":"<p>N\u00e1\u0161 t\u00fdm \u2013 Bureau \u010dlenov\u00e9 spr\u00e1vn\u00ed rady \u00a0 Linda Serandour prezidentka, organiz\u00e1torka Kli\u010dku Kontakt asso: assofrancotchequenantes@gmail.com Kontakt Klicek: ceskaskolanantes@gmail.com Sarka Leduc vice-prezidentka, \u017e\u00e1dosti o granty Kontakt asso: assofrancotchequenantes@gmail.com Kontakt Klicek: ceskaskolanantes@gmail.com M\u00edstop\u0159edsedkyn\u011b AFTN od roku 2023, \u0160\u00e1rka se usadila ve Francii v roce 2022, kr\u00e1tce po narozen\u00ed sv\u00e9ho t\u0159et\u00edho syna. Poch\u00e1z\u00ed z N\u00e1choda, studovala v &hellip;<\/p>\n","protected":false},"author":3,"featured_media":0,"parent":0,"menu_order":0,"comment_status":"closed","ping_status":"closed","template":"template-builder.php","meta":{"footnotes":""},"class_list":["post-5897","page","type-page","status-publish","hentry"],"_links":{"self":[{"href":"https:\/\/franco-tcheque-nantes.org\/index.php?rest_route=\/wp\/v2\/pages\/5897","targetHints":{"allow":["GET"]}}],"collection":[{"href":"https:\/\/franco-tcheque-nantes.org\/index.php?rest_route=\/wp\/v2\/pages"}],"about":[{"href":"https:\/\/franco-tcheque-nantes.org\/index.php?rest_route=\/wp\/v2\/types\/page"}],"author":[{"embeddable":true,"href":"https:\/\/franco-tcheque-nantes.org\/index.php?rest_route=\/wp\/v2\/users\/3"}],"replies":[{"embeddable":true,"href":"https:\/\/franco-tcheque-nantes.org\/index.php?rest_route=%2Fwp%2Fv2%2Fcomments&post=5897"}],"version-history":[{"count":61,"href":"https:\/\/franco-tcheque-nantes.org\/index.php?rest_route=\/wp\/v2\/pages\/5897\/revisions"}],"predecessor-version":[{"id":10599,"href":"https:\/\/franco-tcheque-nantes.org\/index.php?rest_route=\/wp\/v2\/pages\/5897\/revisions\/10599"}],"wp:attachment":[{"href":"https:\/\/franco-tcheque-nantes.org\/index.php?rest_route=%2Fwp%2Fv2%2Fmedia&parent=5897"}],"curies":[{"name":"wp","href":"https:\/\/api.w.org\/{rel}","templated":true}]}}